{"id":15672,"date":"2025-07-26T08:43:22","date_gmt":"2025-07-26T05:43:22","guid":{"rendered":"https:\/\/prd.estravel.lt\/naujienlaiskio-prenumerata\/"},"modified":"2026-01-27T12:36:38","modified_gmt":"2026-01-27T09:36:38","slug":"naujienlaiskio-prenumerata","status":"publish","type":"page","link":"https:\/\/prd.estravel.lt\/en\/naujienlaiskio-prenumerata\/","title":{"rendered":"Naujienlai\u0161kio prenumerata"},"content":{"rendered":"\n\t<style>\n\t\t\/* Pre-init state: show only first slide until Slick is ready *\/\n\t\t.main-slider-15672 .main-slider__container:not(.is-ready) {\n\t\t\toverflow: hidden;\n\t\t}\n\n\t\t.main-slider-15672 .main-slider__container:not(.is-ready) .slider-item {\n\t\t\tdisplay: none !important;\n\t\t}\n\n\t\t.main-slider-15672 .main-slider__container:not(.is-ready) .slider-item:first-child {\n\t\t\tdisplay: flex !important;\n\t\t\twidth: 100%;\n\t\t}\n\t<\/style>\n\n\t<section class=\"main-slider main-slider- is-full-width-content tw-w-full main-slider-15672 align wp-block-acf-slider\" id=\"main-slider\">\n\t\t<div class=\"main-slider__container\">\n\t\t\t\t\t\t\t\t\t\t\t<div class=\"slider-item tw-relative tw-w-full tw-flex tw-justify-center tw-overflow-visible\">\n\t\t\t\t\t<div class=\"slider-item__inner tw-relative tw-w-full tw-overflow-hidden tw-rounded-b-[60px] tw-min-h-[350px] md:tw-min-h-0 tw-flex tw-items-center md:tw-block\">\n\n\t\t\t\t\t\t<img loading=\"lazy\" decoding=\"async\" width=\"1440\" height=\"617\" src=\"https:\/\/prd.estravel.lt\/wp-content\/uploads\/2025\/11\/4-8.jpg\" class=\"slider-item__image tw-block tw-w-full tw-h-full tw-object-cover tw-absolute tw-inset-0 md:tw-static md:tw-inset-auto md:tw-h-auto\" alt=\"Estravel kelioni\u0173 agent\u016bra\" srcset=\"https:\/\/prd.estravel.lt\/wp-content\/uploads\/2025\/11\/4-8.jpg 1440w, https:\/\/prd.estravel.lt\/wp-content\/uploads\/2025\/11\/4-8-300x129.jpg 300w, https:\/\/prd.estravel.lt\/wp-content\/uploads\/2025\/11\/4-8-1024x439.jpg 1024w, https:\/\/prd.estravel.lt\/wp-content\/uploads\/2025\/11\/4-8-768x329.jpg 768w, https:\/\/prd.estravel.lt\/wp-content\/uploads\/2025\/11\/4-8-600x257.jpg 600w\" sizes=\"auto, (max-width: 1440px) 100vw, 1440px\" \/>\n\t\t\t\t\t\t<!-- Overlay -->\n\t\t\t\t\t\t<div class=\"tw-absolute tw-inset-0 tw-z-[1] tw-rounded-b-[60px] tw-w-full tw-h-full tw-pointer-events-none tw-mix-blend-multiply\n            tw-bg-[linear-gradient(90.17deg,_rgb(75_141_219_\/_70%)_23.16%,_rgba(15,87,173,0)_99.85%)]\"><\/div>\n\n\t\t\t\t\t\t\n\t\t\t\t\t\t<div class=\"tw-relative tw-z-[2] tw-flex tw-items-center tw-py-10 md:tw-absolute md:tw-inset-0 md:tw-z-[2] md:tw-py-0 md:tw-flex md:tw-items-center\">\n\t\t\t\t\t\t\t<div class=\"general-container tw-w-full\">\n\t\t\t\t\t\t\t\t<div class=\"slider-item__content tw-w-full\">\n\t\t\t\t\t\t\t\t\t\n\t\t\t\t\t\t\t\t\t\t\t\t\t\t\t\t\t\t\t<div class=\"slider-item__text md:tw-max-w-[75ch] tw-p-0\">\n\t\t\t\t\t\t\t\t\t\t\t<h2><strong>Naujienlai\u0161kio prenumerata<\/strong><\/h2>\n<p><\/p>\n<h6><span style=\"font-weight: 400;\">Kelioni\u0173 planavimo lyderiams &#8211; naujienos, id\u0117jos, pasi\u016blymai ir \u012f\u017evalgos J\u016bs\u0173 pa\u0161to d\u0117\u017eut\u0117je<\/span><\/h6>\n\t\t\t\t\t\t\t\t\t\t<\/div>\n\t\t\t\t\t\t\t\t\t\n\t\t\t\t\t\t\t\t\t\t\t\t\t\t\t\t\t<\/div><!-- \/.slider-item__content -->\n\t\t\t\t\t\t\t<\/div><!-- \/.general-container -->\n\t\t\t\t\t\t<\/div><!-- \/.text wrapper -->\n\n\t\t\t\t\t<\/div><!-- \/.slider-item__inner -->\n\t\t\t\t<\/div><!-- \/.slider-item -->\n\t\t\t\t\t<\/div>\n\t<\/section>\n\n\n<section class=\"estravel-text estravel-text-15672 align wp-block-acf-estravel-text\" id=\"estravel-text\">\n\t<div class=\"\">\n\t\t<div class=\"estravel-text__title estravel-wysiwyg-editor  tw-trim-edges\">\n\t\t\t<p><span style=\"font-weight: 400;\">Jums, mieli keliautojai, Estravel kelioni\u0173 ekspertai atrenka tik tokias naujienas, id\u0117jas ir pasi\u016blymus, \u012f kuriuos tikrai verta investuoti savo laik\u0105 ir biud\u017eet\u0105. Naujienlai\u0161kiuose dalinam\u0117s tuo, kas padeda planuoti keliones i\u0161maniau, keliauti ramiau ir sutaupyti.\u00a0<\/span><\/p>\n<ul>\n<li style=\"font-weight: 400;\" aria-level=\"1\"><span style=\"font-weight: 400;\"><strong>Tik Jums aktualios temos <\/strong>(pasirinkite \u017eemiau naujienlai\u0161k\u012f ar kelet\u0105, kuriuos norite gauti).<\/span><\/li>\n<li style=\"font-weight: 400;\" aria-level=\"1\"><span style=\"font-weight: 400;\"><strong>Prakti\u0161ki patarimai<\/strong> ir ai\u0161k\u016bs \u017eingsniai prie\u0161 atostog\u0173, verslo ar motyvacin\u0119 kelion\u0119.<\/span><\/li>\n<li style=\"font-weight: 400;\" aria-level=\"1\"><span style=\"font-weight: 400;\">Gerosios net ir sud\u0117tingiausi\u0173 <strong>kelioni\u0173 planavimo praktikos<\/strong>, keliautoj\u0173 atsiliepimai.<\/span><\/li>\n<li style=\"font-weight: 400;\" aria-level=\"1\"><span style=\"font-weight: 400;\"><strong>I\u0161ankstiniai prane\u0161imai<\/strong> apie specialius pasi\u016blymus, poky\u010dius oro uostuose ir kitos naujienos.<\/span><\/li>\n<li style=\"font-weight: 400;\" aria-level=\"1\"><span style=\"font-weight: 400;\">Naujienlai\u0161ki\u0173 gali bet kada atsisakyti ir v\u0117l tapti prenumeratoriumi.<\/span><\/li>\n<\/ul>\n<p><b>Pasirinkite prenumerat\u0105 pagal tem\u0105 \u017eemiau, skaitykite kas i\u0161ties aktualu ir keliaukite u\u017etikrintai. <\/b><\/p>\n\t\t<\/div>\n\t<\/div>\n<\/section>\n\n\n\n\n\n\n\n<section class=\"links is-full-width-content links-15672 align wp-block-acf-links\" id=\"links\">\n\t\t\t<div class=\"links-list\">\n\t\t\t<div class=\"general-container\">\n\t\t\t\t<ul class=\"links-list__grid tw-list-none tw-pl-0 !tw-grid !tw-m-0\">\n\t\t\t\t\t\t\t\t\t\t\t\t\t\t\t\t\t\t<li>\n\t\t\t\t\t\t\t\t<a href=\"https:\/\/landing.mailerlite.com\/webforms\/landing\/h3k7o0%20%20%20\"\n\t\t\t\t\t\t\t\t   target=\"_blank\">\n\t\t\t\t\t\t\t\t\tAtostogautojams: laisvalaikio kelion\u0117s\t\t\t\t\t\t\t\t\t<img loading=\"lazy\" decoding=\"async\" src=\"https:\/\/prd.estravel.lt\/wp-content\/themes\/estravel\/images\/arrow-big.svg\" width=\"16\" height=\"16\" alt=\"arrow\">\n\t\t\t\t\t\t\t\t<\/a>\n\t\t\t\t\t\t\t<\/li>\n\t\t\t\t\t\t\t\t\t\t\t\t\t\t\t\t\t\t\t\t\t\t\t\t<li>\n\t\t\t\t\t\t\t\t<a href=\"https:\/\/landing.mailerlite.com\/webforms\/landing\/f4a9y8%20%20\"\n\t\t\t\t\t\t\t\t   target=\"_blank\">\n\t\t\t\t\t\t\t\t\tNaujienos verslo keliautojams\t\t\t\t\t\t\t\t\t<img loading=\"lazy\" decoding=\"async\" src=\"https:\/\/prd.estravel.lt\/wp-content\/themes\/estravel\/images\/arrow-big.svg\" width=\"16\" height=\"16\" alt=\"arrow\">\n\t\t\t\t\t\t\t\t<\/a>\n\t\t\t\t\t\t\t<\/li>\n\t\t\t\t\t\t\t\t\t\t\t\t\t\t\t\t\t\t\t\t\t\t\t\t<li>\n\t\t\t\t\t\t\t\t<a href=\"https:\/\/landing.mailerlite.com\/webforms\/landing\/n4b9s5%20%20\"\n\t\t\t\t\t\t\t\t   target=\"_blank\">\n\t\t\t\t\t\t\t\t\tPatarimai dirbantiems vie\u0161ajame sektoriuje\t\t\t\t\t\t\t\t\t<img loading=\"lazy\" decoding=\"async\" src=\"https:\/\/prd.estravel.lt\/wp-content\/themes\/estravel\/images\/arrow-big.svg\" width=\"16\" height=\"16\" alt=\"arrow\">\n\t\t\t\t\t\t\t\t<\/a>\n\t\t\t\t\t\t\t<\/li>\n\t\t\t\t\t\t\t\t\t\t\t\t\t\t\t\t\t\t\t\t\t\t\t\t<li>\n\t\t\t\t\t\t\t\t<a href=\"https:\/\/landing.mailerlite.com\/webforms\/landing\/p6m0y5%20%20\"\n\t\t\t\t\t\t\t\t   target=\"_blank\">\n\t\t\t\t\t\t\t\t\tNaujienos m\u016bs\u0173 partneriams\t\t\t\t\t\t\t\t\t<img loading=\"lazy\" decoding=\"async\" src=\"https:\/\/prd.estravel.lt\/wp-content\/themes\/estravel\/images\/arrow-big.svg\" width=\"16\" height=\"16\" alt=\"arrow\">\n\t\t\t\t\t\t\t\t<\/a>\n\t\t\t\t\t\t\t<\/li>\n\t\t\t\t\t\t\t\t\t\t\t\t\t\t\t\t\t\t\t\t\t\t\t\t<li>\n\t\t\t\t\t\t\t\t<a href=\"https:\/\/landing.mailerlite.com\/webforms\/landing\/j7k0t7%20%20%20%20\"\n\t\t\t\t\t\t\t\t   target=\"_blank\">\n\t\t\t\t\t\t\t\t\tKelt\u0173 akcijos, naujienos ir \u012fdomyb\u0117s\t\t\t\t\t\t\t\t\t<img loading=\"lazy\" decoding=\"async\" src=\"https:\/\/prd.estravel.lt\/wp-content\/themes\/estravel\/images\/arrow-big.svg\" width=\"16\" height=\"16\" alt=\"arrow\">\n\t\t\t\t\t\t\t\t<\/a>\n\t\t\t\t\t\t\t<\/li>\n\t\t\t\t\t\t\t\t\t\t\t\t\t\t\t\t\t\t\t\t\t\t\t\t<li>\n\t\t\t\t\t\t\t\t<a href=\"https:\/\/landing.mailerlite.com\/webforms\/landing\/h3k7o0%20%20%20\"\n\t\t\t\t\t\t\t\t   target=\"_blank\">\n\t\t\t\t\t\t\t\t\tL\u0117ktuv\u0173 biliet\u0173 akcijos ir pasi\u016blymai\t\t\t\t\t\t\t\t\t<img loading=\"lazy\" decoding=\"async\" src=\"https:\/\/prd.estravel.lt\/wp-content\/themes\/estravel\/images\/arrow-big.svg\" width=\"16\" height=\"16\" alt=\"arrow\">\n\t\t\t\t\t\t\t\t<\/a>\n\t\t\t\t\t\t\t<\/li>\n\t\t\t\t\t\t\t\t\t\t\t\t\t\t\t<\/ul>\n\t\t\t<\/div>\n\t\t<\/div>\n\t\n\t\t\t<div class=\"service-item-cta\">\n\t\t\t<div class=\"general-container\">\n\t\t\t\t<div class=\"service-item-cta__block\">\n\t\t\t\t\t\t\t\t\t\t\t<h4 class=\"service-item-cta__title\">\n\t\t\t\t\t\t\tContact us for more information\t\t\t\t\t\t<\/h4>\n\t\t\t\t\t\t\t\t\t\t<div class=\"service-item-cta__row\">\n\t\t\t\t\t\t<div class=\"contacts\">\n\t\t\t\t\t\t\t\t\t\t\t\t\t\t\t<div class=\"contacts-link contacts-link--phone\">\n\t\t\t\t\t\t\t\t\t<a href=\"tel:+37052125805\">\n\t\t\t\t\t\t\t\t\t\t<img loading=\"lazy\" decoding=\"async\" src=\"https:\/\/prd.estravel.lt\/wp-content\/themes\/estravel\/images\/phone-white.svg\" width=\"46\" height=\"47\" alt=\"phone\">\n\t\t\t\t\t\t\t\t\t\t+370 5 212 5805\t\t\t\t\t\t\t\t\t<\/a>\n\t\t\t\t\t\t\t\t<\/div>\n\t\t\t\t\t\t\t\n\t\t\t\t\t\t\t\t\t\t\t\t\t\t\t<div class=\"contacts-link contacts-link--phone\">\n\t\t\t\t\t\t\t\t\t<a target=\"_blank\" href=\"mailto:%3C?php%20echo%20antispambot($email);%20?%3E\">\n\t\t\t\t\t\t\t\t\t\t<img loading=\"lazy\" decoding=\"async\" src=\"https:\/\/prd.estravel.lt\/wp-content\/themes\/estravel\/images\/email-white.svg\" width=\"46\" height=\"47\" alt=\"email\">\n\t\t\t\t\t\t\t\t\t\tkeliones@estravel.lt\t\t\t\t\t\t\t\t\t<\/a>\n\t\t\t\t\t\t\t\t<\/div>\n\t\t\t\t\t\t\t\t\t\t\t\t\t<\/div>\n\n\t\t\t\t\t\t\t\t\t\t\t<\/div>\n\t\t\t\t<\/div>\n\t\t\t<\/div>\n\t\t<\/div>\n\t<\/section>\n","protected":false},"excerpt":{"rendered":"","protected":false},"author":1,"featured_media":15671,"parent":0,"menu_order":0,"comment_status":"closed","ping_status":"closed","template":"","meta":{"_acf_changed":false,"footnotes":""},"class_list":["post-15672","page","type-page","status-publish","has-post-thumbnail","hentry"],"acf":[],"yoast_head":"<!-- This site is optimized with the Yoast SEO plugin v26.0 - https:\/\/yoast.com\/wordpress\/plugins\/seo\/ -->\n<title>Estravel naujienlai\u0161kis - tikriems kelioni\u0173 entuziastams<\/title>\n<meta name=\"description\" content=\"Kelioni\u0173 planavimo lyderiams - naujienos, id\u0117jos, pasi\u016blymai ir \u012f\u017evalgos J\u016bs\u0173 pa\u0161to d\u0117\u017eut\u0117je. Atostogautojams, verslui, vie\u0161ajam sektoriui.\" \/>\n<meta name=\"robots\" content=\"noindex, follow, max-snippet:-1, max-image-preview:large, max-video-preview:-1\" \/>\n<meta property=\"og:locale\" content=\"en_US\" \/>\n<meta property=\"og:type\" content=\"article\" \/>\n<meta property=\"og:title\" content=\"Estravel naujienlai\u0161kis - tikriems kelioni\u0173 entuziastams\" \/>\n<meta property=\"og:description\" content=\"Kelioni\u0173 planavimo lyderiams - naujienos, id\u0117jos, pasi\u016blymai ir \u012f\u017evalgos J\u016bs\u0173 pa\u0161to d\u0117\u017eut\u0117je. Atostogautojams, verslui, vie\u0161ajam sektoriui.\" \/>\n<meta property=\"og:url\" content=\"https:\/\/prd.estravel.lt\/en\/naujienlaiskio-prenumerata\/\" \/>\n<meta property=\"og:site_name\" content=\"Estravel kelioni\u0173 agent\u016bra\" \/>\n<meta property=\"article:modified_time\" content=\"2026-01-27T09:36:38+00:00\" \/>\n<meta property=\"og:image\" content=\"https:\/\/prd.estravel.lt\/wp-content\/uploads\/2025\/11\/4-8.jpg\" \/>\n\t<meta property=\"og:image:width\" content=\"1440\" \/>\n\t<meta property=\"og:image:height\" content=\"617\" \/>\n\t<meta property=\"og:image:type\" content=\"image\/jpeg\" \/>\n<meta name=\"twitter:card\" content=\"summary_large_image\" \/>\n<script type=\"application\/ld+json\" class=\"yoast-schema-graph\">{\"@context\":\"https:\/\/schema.org\",\"@graph\":[{\"@type\":\"WebPage\",\"@id\":\"https:\/\/prd.estravel.lt\/en\/naujienlaiskio-prenumerata\/\",\"url\":\"https:\/\/prd.estravel.lt\/en\/naujienlaiskio-prenumerata\/\",\"name\":\"Estravel naujienlai\u0161kis - tikriems kelioni\u0173 entuziastams\",\"isPartOf\":{\"@id\":\"https:\/\/prd.estravel.lt\/en\/#website\"},\"primaryImageOfPage\":{\"@id\":\"https:\/\/prd.estravel.lt\/en\/naujienlaiskio-prenumerata\/#primaryimage\"},\"image\":{\"@id\":\"https:\/\/prd.estravel.lt\/en\/naujienlaiskio-prenumerata\/#primaryimage\"},\"thumbnailUrl\":\"https:\/\/prd.estravel.lt\/wp-content\/uploads\/2025\/11\/4-8.jpg\",\"datePublished\":\"2025-07-26T05:43:22+00:00\",\"dateModified\":\"2026-01-27T09:36:38+00:00\",\"description\":\"Kelioni\u0173 planavimo lyderiams - naujienos, id\u0117jos, pasi\u016blymai ir \u012f\u017evalgos J\u016bs\u0173 pa\u0161to d\u0117\u017eut\u0117je. Atostogautojams, verslui, vie\u0161ajam sektoriui.\",\"breadcrumb\":{\"@id\":\"https:\/\/prd.estravel.lt\/en\/naujienlaiskio-prenumerata\/#breadcrumb\"},\"inLanguage\":\"en-US\",\"potentialAction\":[{\"@type\":\"ReadAction\",\"target\":[\"https:\/\/prd.estravel.lt\/en\/naujienlaiskio-prenumerata\/\"]}]},{\"@type\":\"ImageObject\",\"inLanguage\":\"en-US\",\"@id\":\"https:\/\/prd.estravel.lt\/en\/naujienlaiskio-prenumerata\/#primaryimage\",\"url\":\"https:\/\/prd.estravel.lt\/wp-content\/uploads\/2025\/11\/4-8.jpg\",\"contentUrl\":\"https:\/\/prd.estravel.lt\/wp-content\/uploads\/2025\/11\/4-8.jpg\",\"width\":1440,\"height\":617},{\"@type\":\"BreadcrumbList\",\"@id\":\"https:\/\/prd.estravel.lt\/en\/naujienlaiskio-prenumerata\/#breadcrumb\",\"itemListElement\":[{\"@type\":\"ListItem\",\"position\":1,\"name\":\"Pagrindinis puslapis\",\"item\":\"https:\/\/prd.estravel.lt\/en\/\"},{\"@type\":\"ListItem\",\"position\":2,\"name\":\"Naujienlai\u0161kio prenumerata\"}]},{\"@type\":\"WebSite\",\"@id\":\"https:\/\/prd.estravel.lt\/en\/#website\",\"url\":\"https:\/\/prd.estravel.lt\/en\/\",\"name\":\"Estravel kelioni\u0173 agent\u016bra\",\"description\":\"did\u017eiausia kelioni\u0173 agent\u016bra Baltijos \u0161alyse.\",\"publisher\":{\"@id\":\"https:\/\/prd.estravel.lt\/en\/#organization\"},\"potentialAction\":[{\"@type\":\"SearchAction\",\"target\":{\"@type\":\"EntryPoint\",\"urlTemplate\":\"https:\/\/prd.estravel.lt\/en\/?s={search_term_string}\"},\"query-input\":{\"@type\":\"PropertyValueSpecification\",\"valueRequired\":true,\"valueName\":\"search_term_string\"}}],\"inLanguage\":\"en-US\"},{\"@type\":\"Organization\",\"@id\":\"https:\/\/prd.estravel.lt\/en\/#organization\",\"name\":\"Estravel kelioni\u0173 agent\u016bra\",\"url\":\"https:\/\/prd.estravel.lt\/en\/\",\"logo\":{\"@type\":\"ImageObject\",\"inLanguage\":\"en-US\",\"@id\":\"https:\/\/prd.estravel.lt\/en\/#\/schema\/logo\/image\/\",\"url\":\"https:\/\/prd.estravel.lt\/wp-content\/uploads\/2025\/07\/Estravel-Logo.png\",\"contentUrl\":\"https:\/\/prd.estravel.lt\/wp-content\/uploads\/2025\/07\/Estravel-Logo.png\",\"width\":183,\"height\":54,\"caption\":\"Estravel kelioni\u0173 agent\u016bra\"},\"image\":{\"@id\":\"https:\/\/prd.estravel.lt\/en\/#\/schema\/logo\/image\/\"}}]}<\/script>\n<!-- \/ Yoast SEO plugin. -->","yoast_head_json":{"title":"Estravel naujienlai\u0161kis - tikriems kelioni\u0173 entuziastams","description":"Kelioni\u0173 planavimo lyderiams - naujienos, id\u0117jos, pasi\u016blymai ir \u012f\u017evalgos J\u016bs\u0173 pa\u0161to d\u0117\u017eut\u0117je. Atostogautojams, verslui, vie\u0161ajam sektoriui.","robots":{"index":"noindex","follow":"follow","max-snippet":"max-snippet:-1","max-image-preview":"max-image-preview:large","max-video-preview":"max-video-preview:-1"},"og_locale":"en_US","og_type":"article","og_title":"Estravel naujienlai\u0161kis - tikriems kelioni\u0173 entuziastams","og_description":"Kelioni\u0173 planavimo lyderiams - naujienos, id\u0117jos, pasi\u016blymai ir \u012f\u017evalgos J\u016bs\u0173 pa\u0161to d\u0117\u017eut\u0117je. Atostogautojams, verslui, vie\u0161ajam sektoriui.","og_url":"https:\/\/prd.estravel.lt\/en\/naujienlaiskio-prenumerata\/","og_site_name":"Estravel kelioni\u0173 agent\u016bra","article_modified_time":"2026-01-27T09:36:38+00:00","og_image":[{"width":1440,"height":617,"url":"https:\/\/prd.estravel.lt\/wp-content\/uploads\/2025\/11\/4-8.jpg","type":"image\/jpeg"}],"twitter_card":"summary_large_image","schema":{"@context":"https:\/\/schema.org","@graph":[{"@type":"WebPage","@id":"https:\/\/prd.estravel.lt\/en\/naujienlaiskio-prenumerata\/","url":"https:\/\/prd.estravel.lt\/en\/naujienlaiskio-prenumerata\/","name":"Estravel naujienlai\u0161kis - tikriems kelioni\u0173 entuziastams","isPartOf":{"@id":"https:\/\/prd.estravel.lt\/en\/#website"},"primaryImageOfPage":{"@id":"https:\/\/prd.estravel.lt\/en\/naujienlaiskio-prenumerata\/#primaryimage"},"image":{"@id":"https:\/\/prd.estravel.lt\/en\/naujienlaiskio-prenumerata\/#primaryimage"},"thumbnailUrl":"https:\/\/prd.estravel.lt\/wp-content\/uploads\/2025\/11\/4-8.jpg","datePublished":"2025-07-26T05:43:22+00:00","dateModified":"2026-01-27T09:36:38+00:00","description":"Kelioni\u0173 planavimo lyderiams - naujienos, id\u0117jos, pasi\u016blymai ir \u012f\u017evalgos J\u016bs\u0173 pa\u0161to d\u0117\u017eut\u0117je. Atostogautojams, verslui, vie\u0161ajam sektoriui.","breadcrumb":{"@id":"https:\/\/prd.estravel.lt\/en\/naujienlaiskio-prenumerata\/#breadcrumb"},"inLanguage":"en-US","potentialAction":[{"@type":"ReadAction","target":["https:\/\/prd.estravel.lt\/en\/naujienlaiskio-prenumerata\/"]}]},{"@type":"ImageObject","inLanguage":"en-US","@id":"https:\/\/prd.estravel.lt\/en\/naujienlaiskio-prenumerata\/#primaryimage","url":"https:\/\/prd.estravel.lt\/wp-content\/uploads\/2025\/11\/4-8.jpg","contentUrl":"https:\/\/prd.estravel.lt\/wp-content\/uploads\/2025\/11\/4-8.jpg","width":1440,"height":617},{"@type":"BreadcrumbList","@id":"https:\/\/prd.estravel.lt\/en\/naujienlaiskio-prenumerata\/#breadcrumb","itemListElement":[{"@type":"ListItem","position":1,"name":"Pagrindinis puslapis","item":"https:\/\/prd.estravel.lt\/en\/"},{"@type":"ListItem","position":2,"name":"Naujienlai\u0161kio prenumerata"}]},{"@type":"WebSite","@id":"https:\/\/prd.estravel.lt\/en\/#website","url":"https:\/\/prd.estravel.lt\/en\/","name":"Estravel kelioni\u0173 agent\u016bra","description":"did\u017eiausia kelioni\u0173 agent\u016bra Baltijos \u0161alyse.","publisher":{"@id":"https:\/\/prd.estravel.lt\/en\/#organization"},"potentialAction":[{"@type":"SearchAction","target":{"@type":"EntryPoint","urlTemplate":"https:\/\/prd.estravel.lt\/en\/?s={search_term_string}"},"query-input":{"@type":"PropertyValueSpecification","valueRequired":true,"valueName":"search_term_string"}}],"inLanguage":"en-US"},{"@type":"Organization","@id":"https:\/\/prd.estravel.lt\/en\/#organization","name":"Estravel kelioni\u0173 agent\u016bra","url":"https:\/\/prd.estravel.lt\/en\/","logo":{"@type":"ImageObject","inLanguage":"en-US","@id":"https:\/\/prd.estravel.lt\/en\/#\/schema\/logo\/image\/","url":"https:\/\/prd.estravel.lt\/wp-content\/uploads\/2025\/07\/Estravel-Logo.png","contentUrl":"https:\/\/prd.estravel.lt\/wp-content\/uploads\/2025\/07\/Estravel-Logo.png","width":183,"height":54,"caption":"Estravel kelioni\u0173 agent\u016bra"},"image":{"@id":"https:\/\/prd.estravel.lt\/en\/#\/schema\/logo\/image\/"}}]}},"_links":{"self":[{"href":"https:\/\/prd.estravel.lt\/en\/wp-json\/wp\/v2\/pages\/15672","targetHints":{"allow":["GET"]}}],"collection":[{"href":"https:\/\/prd.estravel.lt\/en\/wp-json\/wp\/v2\/pages"}],"about":[{"href":"https:\/\/prd.estravel.lt\/en\/wp-json\/wp\/v2\/types\/page"}],"author":[{"embeddable":true,"href":"https:\/\/prd.estravel.lt\/en\/wp-json\/wp\/v2\/users\/1"}],"replies":[{"embeddable":true,"href":"https:\/\/prd.estravel.lt\/en\/wp-json\/wp\/v2\/comments?post=15672"}],"version-history":[{"count":1,"href":"https:\/\/prd.estravel.lt\/en\/wp-json\/wp\/v2\/pages\/15672\/revisions"}],"predecessor-version":[{"id":15673,"href":"https:\/\/prd.estravel.lt\/en\/wp-json\/wp\/v2\/pages\/15672\/revisions\/15673"}],"wp:featuredmedia":[{"embeddable":true,"href":"https:\/\/prd.estravel.lt\/en\/wp-json\/wp\/v2\/media\/15671"}],"wp:attachment":[{"href":"https:\/\/prd.estravel.lt\/en\/wp-json\/wp\/v2\/media?parent=15672"}],"curies":[{"name":"wp","href":"https:\/\/api.w.org\/{rel}","templated":true}]}}