{"id":15696,"date":"2025-11-17T21:46:01","date_gmt":"2025-11-17T18:46:01","guid":{"rendered":"https:\/\/prd.estravel.lt\/karjera\/"},"modified":"2026-01-27T13:05:51","modified_gmt":"2026-01-27T10:05:51","slug":"karjera","status":"publish","type":"page","link":"https:\/\/prd.estravel.lt\/en\/karjera\/","title":{"rendered":"Karjera"},"content":{"rendered":"\n\t<style>\n\t\t\/* Pre-init state: show only first slide until Slick is ready *\/\n\t\t.main-slider-15696 .main-slider__container:not(.is-ready) {\n\t\t\toverflow: hidden;\n\t\t}\n\n\t\t.main-slider-15696 .main-slider__container:not(.is-ready) .slider-item {\n\t\t\tdisplay: none !important;\n\t\t}\n\n\t\t.main-slider-15696 .main-slider__container:not(.is-ready) .slider-item:first-child {\n\t\t\tdisplay: flex !important;\n\t\t\twidth: 100%;\n\t\t}\n\t<\/style>\n\n\t<section class=\"main-slider main-slider- is-full-width-content tw-w-full main-slider-15696 align wp-block-acf-slider\" id=\"main-slider\">\n\t\t<div class=\"main-slider__container\">\n\t\t\t\t\t\t\t\t\t\t\t<div class=\"slider-item tw-relative tw-w-full tw-flex tw-justify-center tw-overflow-visible\">\n\t\t\t\t\t<div class=\"slider-item__inner tw-relative tw-w-full tw-overflow-hidden tw-rounded-b-[60px] tw-min-h-[350px] md:tw-min-h-0 tw-flex tw-items-center md:tw-block\">\n\n\t\t\t\t\t\t<img loading=\"lazy\" decoding=\"async\" width=\"1440\" height=\"617\" src=\"https:\/\/prd.estravel.lt\/wp-content\/uploads\/2025\/11\/Karjera-Estravel.jpg\" class=\"slider-item__image tw-block tw-w-full tw-h-full tw-object-cover tw-absolute tw-inset-0 md:tw-static md:tw-inset-auto md:tw-h-auto\" alt=\"Karjera Estravel\" srcset=\"https:\/\/prd.estravel.lt\/wp-content\/uploads\/2025\/11\/Karjera-Estravel.jpg 1440w, https:\/\/prd.estravel.lt\/wp-content\/uploads\/2025\/11\/Karjera-Estravel-300x129.jpg 300w, https:\/\/prd.estravel.lt\/wp-content\/uploads\/2025\/11\/Karjera-Estravel-1024x439.jpg 1024w, https:\/\/prd.estravel.lt\/wp-content\/uploads\/2025\/11\/Karjera-Estravel-768x329.jpg 768w, https:\/\/prd.estravel.lt\/wp-content\/uploads\/2025\/11\/Karjera-Estravel-600x257.jpg 600w\" sizes=\"auto, (max-width: 1440px) 100vw, 1440px\" \/>\n\t\t\t\t\t\t<!-- Overlay -->\n\t\t\t\t\t\t<div class=\"tw-absolute tw-inset-0 tw-z-[1] tw-rounded-b-[60px] tw-w-full tw-h-full tw-pointer-events-none tw-mix-blend-multiply\n            tw-bg-[linear-gradient(90.17deg,_rgb(75_141_219_\/_70%)_23.16%,_rgba(15,87,173,0)_99.85%)]\"><\/div>\n\n\t\t\t\t\t\t\n\t\t\t\t\t\t<div class=\"tw-relative tw-z-[2] tw-flex tw-items-center tw-py-10 md:tw-absolute md:tw-inset-0 md:tw-z-[2] md:tw-py-0 md:tw-flex md:tw-items-center\">\n\t\t\t\t\t\t\t<div class=\"general-container tw-w-full\">\n\t\t\t\t\t\t\t\t<div class=\"slider-item__content tw-w-full\">\n\t\t\t\t\t\t\t\t\t\n\t\t\t\t\t\t\t\t\t\t\t\t\t\t\t\t\t\t\t<div class=\"slider-item__text md:tw-max-w-[75ch] tw-p-0\">\n\t\t\t\t\t\t\t\t\t\t\t<h2><strong>Karjera<\/strong><\/h2>\n<h6><span style=\"font-weight: 400;\">Tobuk\u0117k kartu su tikrais turizmo profesionalais<\/span><\/h6>\n\t\t\t\t\t\t\t\t\t\t<\/div>\n\t\t\t\t\t\t\t\t\t\n\t\t\t\t\t\t\t\t\t\t\t\t\t\t\t\t\t<\/div><!-- \/.slider-item__content -->\n\t\t\t\t\t\t\t<\/div><!-- \/.general-container -->\n\t\t\t\t\t\t<\/div><!-- \/.text wrapper -->\n\n\t\t\t\t\t<\/div><!-- \/.slider-item__inner -->\n\t\t\t\t<\/div><!-- \/.slider-item -->\n\t\t\t\t\t<\/div>\n\t<\/section>\n\n\n<section class=\"estravel-text estravel-text-15696 align wp-block-acf-estravel-text\" id=\"estravel-text\">\n\t<div class=\"\">\n\t\t<div class=\"estravel-text__title estravel-wysiwyg-editor  tw-trim-edges\">\n\t\t\t<p style=\"text-align: justify;\">Visi \u017emon\u0117s skirtingi, ta\u010diau stipri\u0105 komand\u0105 <b>vienija profesionalumas ir bendros vertyb\u0117s<\/b>. Jeigu ir tau svarbu atsakingas po\u017ei\u016bris \u012f darb\u0105, pagarba kolegoms, klientams ir partneriams, supranti, kad nuo tavo darbo priklauso ir kit\u0173 \u017emoni\u0173 darbai, gebi laikytis termin\u0173 ir visad ie\u0161kai galimybi\u0173, kaip atrasti geriausius sprendimus \u2013 tavo vieta Estravel komandoje. <\/p>\n<h2 style=\"text-align: justify;\"><strong>Estravel komanda labai vertina:<\/strong><\/h2>\n<ul style=\"text-align: justify;\">\n<li><b>Motyvuotus kolegas<\/b>, kurie geba <b>imtis iniciatyv\u0173<\/b>, su optimizmu <b>sprend\u017eia i\u0161\u0161\u016bkius.<\/b><\/li>\n<li>Vertina <b>lanks\u010dias darbo s\u0105lygas: darb\u0105 biure, nuotoliu ar <em>workation<\/em>.<\/b><\/li>\n<li>Vertina darbuotoj\u0173 gerov\u0117s <b>skatinimo privalumus<\/b>. J\u0173 Estravel kelioni\u0173 agent\u016broje tikrai netr\u016bksta! <\/li>\n<li>Patirt\u012f turizmo srityje labai vertiname, ta\u010diau jei patirties turi ma\u017eai ar labai nori jos \u012fgauti, \u017einome, kad kelioni\u0173 planavimo meno galima i\u0161mokti.<\/li>\n<\/ul>\n<p style=\"text-align: justify;\"><strong><img loading=\"lazy\" decoding=\"async\" class=\"alignnone wp-image-3361 size-full\" src=\"https:\/\/prd.estravel.lt\/wp-content\/uploads\/2025\/10\/Estravel-Adventuras.jpg\" alt=\"estravel komanda\" width=\"1920\" height=\"1080\" srcset=\"https:\/\/prd.estravel.lt\/wp-content\/uploads\/2025\/10\/Estravel-Adventuras.jpg 1920w, https:\/\/prd.estravel.lt\/wp-content\/uploads\/2025\/10\/Estravel-Adventuras-300x169.jpg 300w, https:\/\/prd.estravel.lt\/wp-content\/uploads\/2025\/10\/Estravel-Adventuras-1024x576.jpg 1024w, https:\/\/prd.estravel.lt\/wp-content\/uploads\/2025\/10\/Estravel-Adventuras-768x432.jpg 768w, https:\/\/prd.estravel.lt\/wp-content\/uploads\/2025\/10\/Estravel-Adventuras-1536x864.jpg 1536w, https:\/\/prd.estravel.lt\/wp-content\/uploads\/2025\/10\/Estravel-Adventuras-600x338.jpg 600w\" sizes=\"auto, (max-width: 1920px) 100vw, 1920px\" \/><\/strong><\/p>\n<p style=\"text-align: justify;\">Talenting\u0173 kandidat\u0173 laukiame nuolat \u2013 jei nori apie save papasakoti mums \u2013 visuomet laukiame tavo CV el. p. <a href=\"mailto:cv@estravel.lt\"><b>cv[@]estravel.lt<\/b><\/a>! <b>Nekantraujame susipa\u017einti su naujais kolegomis<\/b>! <\/p>\n\t\t<\/div>\n\t<\/div>\n<\/section>\n\n\n\n\n\n\n\n<section class=\"links is-full-width-content links-15696 align wp-block-acf-links\" id=\"links\">\n\t\t\t<div class=\"links-list\">\n\t\t\t<div class=\"general-container\">\n\t\t\t\t<ul class=\"links-list__grid tw-list-none tw-pl-0 !tw-grid !tw-m-0\">\n\t\t\t\t\t\t\t\t\t\t\t\t\t\t\t\t\t\t<li>\n\t\t\t\t\t\t\t\t<a href=\"https:\/\/prd.estravel.lt\/rinkodaros-specialistas\/\"\n\t\t\t\t\t\t\t\t   target=\"_blank\">\n\t\t\t\t\t\t\t\t\tRinkodaros specialistas (-\u0117)\t\t\t\t\t\t\t\t\t<img loading=\"lazy\" decoding=\"async\" src=\"https:\/\/prd.estravel.lt\/wp-content\/themes\/estravel\/images\/arrow-big.svg\" width=\"16\" height=\"16\" alt=\"arrow\">\n\t\t\t\t\t\t\t\t<\/a>\n\t\t\t\t\t\t\t<\/li>\n\t\t\t\t\t\t\t\t\t\t\t\t\t\t\t\t\t\t\t\t\t\t\t\t<li>\n\t\t\t\t\t\t\t\t<a href=\"https:\/\/prd.estravel.lt\/atvykstamojo-turizmo-specialistas\/\"\n\t\t\t\t\t\t\t\t   target=\"_blank\">\n\t\t\t\t\t\t\t\t\tAtvykstamojo turizmo kelioni\u0173 konsultantas\t\t\t\t\t\t\t\t\t<img loading=\"lazy\" decoding=\"async\" src=\"https:\/\/prd.estravel.lt\/wp-content\/themes\/estravel\/images\/arrow-big.svg\" width=\"16\" height=\"16\" alt=\"arrow\">\n\t\t\t\t\t\t\t\t<\/a>\n\t\t\t\t\t\t\t<\/li>\n\t\t\t\t\t\t\t\t\t\t\t\t\t\t\t\t\t\t\t\t\t\t\t\t<li>\n\t\t\t\t\t\t\t\t<a href=\"https:\/\/prd.estravel.lt\/produktu-specialistas-poilsines-keliones-darbo-skelbimas\/\"\n\t\t\t\t\t\t\t\t   target=\"_blank\">\n\t\t\t\t\t\t\t\t\tProdukt\u0173 specialistas (-\u0117) (laisvalaikio kelion\u0117s)\t\t\t\t\t\t\t\t\t<img loading=\"lazy\" decoding=\"async\" src=\"https:\/\/prd.estravel.lt\/wp-content\/themes\/estravel\/images\/arrow-big.svg\" width=\"16\" height=\"16\" alt=\"arrow\">\n\t\t\t\t\t\t\t\t<\/a>\n\t\t\t\t\t\t\t<\/li>\n\t\t\t\t\t\t\t\t\t\t\t\t\t\t\t<\/ul>\n\t\t\t<\/div>\n\t\t<\/div>\n\t\n\t\t\t<div class=\"service-item-cta\">\n\t\t\t<div class=\"general-container\">\n\t\t\t\t<div class=\"service-item-cta__block\">\n\t\t\t\t\t\t\t\t\t\t\t<h4 class=\"service-item-cta__title\">\n\t\t\t\t\t\t\tContact us for more information\t\t\t\t\t\t<\/h4>\n\t\t\t\t\t\t\t\t\t\t<div class=\"service-item-cta__row\">\n\t\t\t\t\t\t<div class=\"contacts\">\n\t\t\t\t\t\t\t\t\t\t\t\t\t\t\t<div class=\"contacts-link contacts-link--phone\">\n\t\t\t\t\t\t\t\t\t<a href=\"tel:+37052553319\">\n\t\t\t\t\t\t\t\t\t\t<img loading=\"lazy\" decoding=\"async\" src=\"https:\/\/prd.estravel.lt\/wp-content\/themes\/estravel\/images\/phone-white.svg\" width=\"46\" height=\"47\" alt=\"phone\">\n\t\t\t\t\t\t\t\t\t\t+370 5 255 3319\t\t\t\t\t\t\t\t\t<\/a>\n\t\t\t\t\t\t\t\t<\/div>\n\t\t\t\t\t\t\t\n\t\t\t\t\t\t\t\t\t\t\t\t\t\t\t<div class=\"contacts-link contacts-link--phone\">\n\t\t\t\t\t\t\t\t\t<a target=\"_blank\" href=\"mailto:%3C?php%20echo%20antispambot($email);%20?%3E\">\n\t\t\t\t\t\t\t\t\t\t<img loading=\"lazy\" decoding=\"async\" src=\"https:\/\/prd.estravel.lt\/wp-content\/themes\/estravel\/images\/email-white.svg\" width=\"46\" height=\"47\" alt=\"email\">\n\t\t\t\t\t\t\t\t\t\ttalentai@estravel.lt\t\t\t\t\t\t\t\t\t<\/a>\n\t\t\t\t\t\t\t\t<\/div>\n\t\t\t\t\t\t\t\t\t\t\t\t\t<\/div>\n\n\t\t\t\t\t\t\t\t\t\t\t<\/div>\n\t\t\t\t<\/div>\n\t\t\t<\/div>\n\t\t<\/div>\n\t<\/section>\n","protected":false},"excerpt":{"rendered":"","protected":false},"author":2,"featured_media":15695,"parent":0,"menu_order":0,"comment_status":"closed","ping_status":"closed","template":"","meta":{"_acf_changed":false,"footnotes":""},"class_list":["post-15696","page","type-page","status-publish","has-post-thumbnail","hentry"],"acf":[],"yoast_head":"<!-- This site is optimized with the Yoast SEO plugin v26.0 - https:\/\/yoast.com\/wordpress\/plugins\/seo\/ -->\n<title>Estravel karjera - prisijunk prie turizmo profesional\u0173 Vilniuje<\/title>\n<meta name=\"description\" content=\"Talenting\u0173 kandidat\u0173 laukiame nuolat \u2013 jei nori apie save papasakoti mums \u2013 visuomet laukiame tavo CV el. p. cv@estravel.lt!\" \/>\n<meta name=\"robots\" content=\"noindex, follow, max-snippet:-1, max-image-preview:large, max-video-preview:-1\" \/>\n<meta property=\"og:locale\" content=\"en_US\" \/>\n<meta property=\"og:type\" content=\"article\" \/>\n<meta property=\"og:title\" content=\"Estravel karjera - prisijunk prie turizmo profesional\u0173 Vilniuje\" \/>\n<meta property=\"og:description\" content=\"Talenting\u0173 kandidat\u0173 laukiame nuolat \u2013 jei nori apie save papasakoti mums \u2013 visuomet laukiame tavo CV el. p. cv@estravel.lt!\" \/>\n<meta property=\"og:url\" content=\"https:\/\/prd.estravel.lt\/en\/karjera\/\" \/>\n<meta property=\"og:site_name\" content=\"Estravel kelioni\u0173 agent\u016bra\" \/>\n<meta property=\"article:modified_time\" content=\"2026-01-27T10:05:51+00:00\" \/>\n<meta property=\"og:image\" content=\"https:\/\/prd.estravel.lt\/wp-content\/uploads\/2025\/11\/karjera-2.jpg\" \/>\n\t<meta property=\"og:image:width\" content=\"1440\" \/>\n\t<meta property=\"og:image:height\" content=\"617\" \/>\n\t<meta property=\"og:image:type\" content=\"image\/jpeg\" \/>\n<meta name=\"twitter:card\" content=\"summary_large_image\" \/>\n<script type=\"application\/ld+json\" class=\"yoast-schema-graph\">{\"@context\":\"https:\/\/schema.org\",\"@graph\":[{\"@type\":\"WebPage\",\"@id\":\"https:\/\/prd.estravel.lt\/en\/karjera\/\",\"url\":\"https:\/\/prd.estravel.lt\/en\/karjera\/\",\"name\":\"Estravel karjera - prisijunk prie turizmo profesional\u0173 Vilniuje\",\"isPartOf\":{\"@id\":\"https:\/\/prd.estravel.lt\/en\/#website\"},\"primaryImageOfPage\":{\"@id\":\"https:\/\/prd.estravel.lt\/en\/karjera\/#primaryimage\"},\"image\":{\"@id\":\"https:\/\/prd.estravel.lt\/en\/karjera\/#primaryimage\"},\"thumbnailUrl\":\"https:\/\/prd.estravel.lt\/wp-content\/uploads\/2025\/11\/karjera-2.jpg\",\"datePublished\":\"2025-11-17T18:46:01+00:00\",\"dateModified\":\"2026-01-27T10:05:51+00:00\",\"description\":\"Talenting\u0173 kandidat\u0173 laukiame nuolat \u2013 jei nori apie save papasakoti mums \u2013 visuomet laukiame tavo CV el. p. cv@estravel.lt!\",\"breadcrumb\":{\"@id\":\"https:\/\/prd.estravel.lt\/en\/karjera\/#breadcrumb\"},\"inLanguage\":\"en-US\",\"potentialAction\":[{\"@type\":\"ReadAction\",\"target\":[\"https:\/\/prd.estravel.lt\/en\/karjera\/\"]}]},{\"@type\":\"ImageObject\",\"inLanguage\":\"en-US\",\"@id\":\"https:\/\/prd.estravel.lt\/en\/karjera\/#primaryimage\",\"url\":\"https:\/\/prd.estravel.lt\/wp-content\/uploads\/2025\/11\/karjera-2.jpg\",\"contentUrl\":\"https:\/\/prd.estravel.lt\/wp-content\/uploads\/2025\/11\/karjera-2.jpg\",\"width\":1440,\"height\":617,\"caption\":\"karjera estravel\"},{\"@type\":\"BreadcrumbList\",\"@id\":\"https:\/\/prd.estravel.lt\/en\/karjera\/#breadcrumb\",\"itemListElement\":[{\"@type\":\"ListItem\",\"position\":1,\"name\":\"Pagrindinis puslapis\",\"item\":\"https:\/\/prd.estravel.lt\/en\/\"},{\"@type\":\"ListItem\",\"position\":2,\"name\":\"Karjera\"}]},{\"@type\":\"WebSite\",\"@id\":\"https:\/\/prd.estravel.lt\/en\/#website\",\"url\":\"https:\/\/prd.estravel.lt\/en\/\",\"name\":\"Estravel kelioni\u0173 agent\u016bra\",\"description\":\"did\u017eiausia kelioni\u0173 agent\u016bra Baltijos \u0161alyse.\",\"publisher\":{\"@id\":\"https:\/\/prd.estravel.lt\/en\/#organization\"},\"potentialAction\":[{\"@type\":\"SearchAction\",\"target\":{\"@type\":\"EntryPoint\",\"urlTemplate\":\"https:\/\/prd.estravel.lt\/en\/?s={search_term_string}\"},\"query-input\":{\"@type\":\"PropertyValueSpecification\",\"valueRequired\":true,\"valueName\":\"search_term_string\"}}],\"inLanguage\":\"en-US\"},{\"@type\":\"Organization\",\"@id\":\"https:\/\/prd.estravel.lt\/en\/#organization\",\"name\":\"Estravel kelioni\u0173 agent\u016bra\",\"url\":\"https:\/\/prd.estravel.lt\/en\/\",\"logo\":{\"@type\":\"ImageObject\",\"inLanguage\":\"en-US\",\"@id\":\"https:\/\/prd.estravel.lt\/en\/#\/schema\/logo\/image\/\",\"url\":\"https:\/\/prd.estravel.lt\/wp-content\/uploads\/2025\/07\/Estravel-Logo.png\",\"contentUrl\":\"https:\/\/prd.estravel.lt\/wp-content\/uploads\/2025\/07\/Estravel-Logo.png\",\"width\":183,\"height\":54,\"caption\":\"Estravel kelioni\u0173 agent\u016bra\"},\"image\":{\"@id\":\"https:\/\/prd.estravel.lt\/en\/#\/schema\/logo\/image\/\"}}]}<\/script>\n<!-- \/ Yoast SEO plugin. -->","yoast_head_json":{"title":"Estravel karjera - prisijunk prie turizmo profesional\u0173 Vilniuje","description":"Talenting\u0173 kandidat\u0173 laukiame nuolat \u2013 jei nori apie save papasakoti mums \u2013 visuomet laukiame tavo CV el. p. cv@estravel.lt!","robots":{"index":"noindex","follow":"follow","max-snippet":"max-snippet:-1","max-image-preview":"max-image-preview:large","max-video-preview":"max-video-preview:-1"},"og_locale":"en_US","og_type":"article","og_title":"Estravel karjera - prisijunk prie turizmo profesional\u0173 Vilniuje","og_description":"Talenting\u0173 kandidat\u0173 laukiame nuolat \u2013 jei nori apie save papasakoti mums \u2013 visuomet laukiame tavo CV el. p. cv@estravel.lt!","og_url":"https:\/\/prd.estravel.lt\/en\/karjera\/","og_site_name":"Estravel kelioni\u0173 agent\u016bra","article_modified_time":"2026-01-27T10:05:51+00:00","og_image":[{"width":1440,"height":617,"url":"https:\/\/prd.estravel.lt\/wp-content\/uploads\/2025\/11\/karjera-2.jpg","type":"image\/jpeg"}],"twitter_card":"summary_large_image","schema":{"@context":"https:\/\/schema.org","@graph":[{"@type":"WebPage","@id":"https:\/\/prd.estravel.lt\/en\/karjera\/","url":"https:\/\/prd.estravel.lt\/en\/karjera\/","name":"Estravel karjera - prisijunk prie turizmo profesional\u0173 Vilniuje","isPartOf":{"@id":"https:\/\/prd.estravel.lt\/en\/#website"},"primaryImageOfPage":{"@id":"https:\/\/prd.estravel.lt\/en\/karjera\/#primaryimage"},"image":{"@id":"https:\/\/prd.estravel.lt\/en\/karjera\/#primaryimage"},"thumbnailUrl":"https:\/\/prd.estravel.lt\/wp-content\/uploads\/2025\/11\/karjera-2.jpg","datePublished":"2025-11-17T18:46:01+00:00","dateModified":"2026-01-27T10:05:51+00:00","description":"Talenting\u0173 kandidat\u0173 laukiame nuolat \u2013 jei nori apie save papasakoti mums \u2013 visuomet laukiame tavo CV el. p. cv@estravel.lt!","breadcrumb":{"@id":"https:\/\/prd.estravel.lt\/en\/karjera\/#breadcrumb"},"inLanguage":"en-US","potentialAction":[{"@type":"ReadAction","target":["https:\/\/prd.estravel.lt\/en\/karjera\/"]}]},{"@type":"ImageObject","inLanguage":"en-US","@id":"https:\/\/prd.estravel.lt\/en\/karjera\/#primaryimage","url":"https:\/\/prd.estravel.lt\/wp-content\/uploads\/2025\/11\/karjera-2.jpg","contentUrl":"https:\/\/prd.estravel.lt\/wp-content\/uploads\/2025\/11\/karjera-2.jpg","width":1440,"height":617,"caption":"karjera estravel"},{"@type":"BreadcrumbList","@id":"https:\/\/prd.estravel.lt\/en\/karjera\/#breadcrumb","itemListElement":[{"@type":"ListItem","position":1,"name":"Pagrindinis puslapis","item":"https:\/\/prd.estravel.lt\/en\/"},{"@type":"ListItem","position":2,"name":"Karjera"}]},{"@type":"WebSite","@id":"https:\/\/prd.estravel.lt\/en\/#website","url":"https:\/\/prd.estravel.lt\/en\/","name":"Estravel kelioni\u0173 agent\u016bra","description":"did\u017eiausia kelioni\u0173 agent\u016bra Baltijos \u0161alyse.","publisher":{"@id":"https:\/\/prd.estravel.lt\/en\/#organization"},"potentialAction":[{"@type":"SearchAction","target":{"@type":"EntryPoint","urlTemplate":"https:\/\/prd.estravel.lt\/en\/?s={search_term_string}"},"query-input":{"@type":"PropertyValueSpecification","valueRequired":true,"valueName":"search_term_string"}}],"inLanguage":"en-US"},{"@type":"Organization","@id":"https:\/\/prd.estravel.lt\/en\/#organization","name":"Estravel kelioni\u0173 agent\u016bra","url":"https:\/\/prd.estravel.lt\/en\/","logo":{"@type":"ImageObject","inLanguage":"en-US","@id":"https:\/\/prd.estravel.lt\/en\/#\/schema\/logo\/image\/","url":"https:\/\/prd.estravel.lt\/wp-content\/uploads\/2025\/07\/Estravel-Logo.png","contentUrl":"https:\/\/prd.estravel.lt\/wp-content\/uploads\/2025\/07\/Estravel-Logo.png","width":183,"height":54,"caption":"Estravel kelioni\u0173 agent\u016bra"},"image":{"@id":"https:\/\/prd.estravel.lt\/en\/#\/schema\/logo\/image\/"}}]}},"_links":{"self":[{"href":"https:\/\/prd.estravel.lt\/en\/wp-json\/wp\/v2\/pages\/15696","targetHints":{"allow":["GET"]}}],"collection":[{"href":"https:\/\/prd.estravel.lt\/en\/wp-json\/wp\/v2\/pages"}],"about":[{"href":"https:\/\/prd.estravel.lt\/en\/wp-json\/wp\/v2\/types\/page"}],"author":[{"embeddable":true,"href":"https:\/\/prd.estravel.lt\/en\/wp-json\/wp\/v2\/users\/2"}],"replies":[{"embeddable":true,"href":"https:\/\/prd.estravel.lt\/en\/wp-json\/wp\/v2\/comments?post=15696"}],"version-history":[{"count":1,"href":"https:\/\/prd.estravel.lt\/en\/wp-json\/wp\/v2\/pages\/15696\/revisions"}],"predecessor-version":[{"id":15700,"href":"https:\/\/prd.estravel.lt\/en\/wp-json\/wp\/v2\/pages\/15696\/revisions\/15700"}],"wp:featuredmedia":[{"embeddable":true,"href":"https:\/\/prd.estravel.lt\/en\/wp-json\/wp\/v2\/media\/15695"}],"wp:attachment":[{"href":"https:\/\/prd.estravel.lt\/en\/wp-json\/wp\/v2\/media?parent=15696"}],"curies":[{"name":"wp","href":"https:\/\/api.w.org\/{rel}","templated":true}]}}