{"id":15716,"date":"2025-07-26T08:43:35","date_gmt":"2025-07-26T05:43:35","guid":{"rendered":"https:\/\/prd.estravel.lt\/about-us\/"},"modified":"2026-01-27T13:43:24","modified_gmt":"2026-01-27T10:43:24","slug":"about-us","status":"publish","type":"page","link":"https:\/\/prd.estravel.lt\/en\/about-us\/","title":{"rendered":"About us"},"content":{"rendered":"\n\t<style>\n\t\t\/* Pre-init state: show only first slide until Slick is ready *\/\n\t\t.main-slider-15716 .main-slider__container:not(.is-ready) {\n\t\t\toverflow: hidden;\n\t\t}\n\n\t\t.main-slider-15716 .main-slider__container:not(.is-ready) .slider-item {\n\t\t\tdisplay: none !important;\n\t\t}\n\n\t\t.main-slider-15716 .main-slider__container:not(.is-ready) .slider-item:first-child {\n\t\t\tdisplay: flex !important;\n\t\t\twidth: 100%;\n\t\t}\n\t<\/style>\n\n\t<section class=\"main-slider main-slider- is-full-width-content tw-w-full main-slider-15716 align wp-block-acf-slider\" id=\"main-slider\">\n\t\t<div class=\"main-slider__container\">\n\t\t\t\t\t\t\t\t\t\t\t<div class=\"slider-item tw-relative tw-w-full tw-flex tw-justify-center tw-overflow-visible\">\n\t\t\t\t\t<div class=\"slider-item__inner tw-relative tw-w-full tw-overflow-hidden tw-rounded-b-[60px] tw-min-h-[350px] md:tw-min-h-0 tw-flex tw-items-center md:tw-block\">\n\n\t\t\t\t\t\t<img loading=\"lazy\" decoding=\"async\" width=\"990\" height=\"357\" src=\"https:\/\/prd.estravel.lt\/wp-content\/uploads\/2026\/01\/Apie-mus-e1759923574225-aspect-ratio-990-357.jpg\" class=\"slider-item__image tw-block tw-w-full tw-h-full tw-object-cover tw-absolute tw-inset-0 md:tw-static md:tw-inset-auto md:tw-h-auto\" alt=\"Estravel kelioni\u0173 agent\u016bra\" srcset=\"https:\/\/prd.estravel.lt\/wp-content\/uploads\/2026\/01\/Apie-mus-e1759923574225-aspect-ratio-990-357.jpg 990w, https:\/\/prd.estravel.lt\/wp-content\/uploads\/2026\/01\/Apie-mus-e1759923574225-aspect-ratio-990-357-300x108.jpg 300w, https:\/\/prd.estravel.lt\/wp-content\/uploads\/2026\/01\/Apie-mus-e1759923574225-aspect-ratio-990-357-768x277.jpg 768w, https:\/\/prd.estravel.lt\/wp-content\/uploads\/2026\/01\/Apie-mus-e1759923574225-aspect-ratio-990-357-600x216.jpg 600w\" sizes=\"auto, (max-width: 990px) 100vw, 990px\" \/>\n\t\t\t\t\t\t<!-- Overlay -->\n\t\t\t\t\t\t<div class=\"tw-absolute tw-inset-0 tw-z-[1] tw-rounded-b-[60px] tw-w-full tw-h-full tw-pointer-events-none tw-mix-blend-multiply\n            tw-bg-[linear-gradient(90.17deg,_rgb(75_141_219_\/_70%)_23.16%,_rgba(15,87,173,0)_99.85%)]\"><\/div>\n\n\t\t\t\t\t\t\n\t\t\t\t\t\t<div class=\"tw-relative tw-z-[2] tw-flex tw-items-center tw-py-10 md:tw-absolute md:tw-inset-0 md:tw-z-[2] md:tw-py-0 md:tw-flex md:tw-items-center\">\n\t\t\t\t\t\t\t<div class=\"general-container tw-w-full\">\n\t\t\t\t\t\t\t\t<div class=\"slider-item__content tw-w-full\">\n\t\t\t\t\t\t\t\t\t\n\t\t\t\t\t\t\t\t\t\t\t\t\t\t\t\t\t\t\t<div class=\"slider-item__text md:tw-max-w-[75ch] tw-p-0\">\n\t\t\t\t\t\t\t\t\t\t\t<h2><strong>Apie mus<\/strong><\/h2>\n<h6>Susipa\u017einkite su Estravel Lietuvoje ir m\u016bs\u0173 biurais kitose \u0161alyse<\/h6>\n\t\t\t\t\t\t\t\t\t\t<\/div>\n\t\t\t\t\t\t\t\t\t\n\t\t\t\t\t\t\t\t\t\t\t\t\t\t\t\t\t<\/div><!-- \/.slider-item__content -->\n\t\t\t\t\t\t\t<\/div><!-- \/.general-container -->\n\t\t\t\t\t\t<\/div><!-- \/.text wrapper -->\n\n\t\t\t\t\t<\/div><!-- \/.slider-item__inner -->\n\t\t\t\t<\/div><!-- \/.slider-item -->\n\t\t\t\t\t<\/div>\n\t<\/section>\n\n\n<section class=\"estravel-text estravel-text-15716 align wp-block-acf-estravel-text\" id=\"estravel-text\">\n\t<div class=\"\">\n\t\t<div class=\"estravel-text__title estravel-wysiwyg-editor  tw-trim-edges\">\n\t\t\t<p style=\"text-align: justify;\">Esame patikimas kelioni\u0173 partneris tiek planuojant asmenines atostogas, tiek siekiant verslo ar \u012fmon\u0117s tiksl\u0173. D\u017eiaugiam\u0117s kelioni\u0173 organizavimo versl\u0105 Lietuvoje s\u0117kmingai vystydami jau daugiau kaip<strong> 28 metus.<\/strong> Kasdien <em>Estravel<\/em> kelioni\u0173 centre Vilniuje keliautojus konsultuoja <strong>daugiau kaip 50 profesionali\u0173 kelioni\u0173 ekspert\u0173. <\/strong>  <\/p>\n<h2><img loading=\"lazy\" decoding=\"async\" class=\"alignnone wp-image-3361 size-full\" src=\"https:\/\/prd.estravel.lt\/wp-content\/uploads\/2025\/10\/Estravel-Adventuras.jpg\" alt=\"estravel adventur\" width=\"1920\" height=\"1080\" srcset=\"https:\/\/prd.estravel.lt\/wp-content\/uploads\/2025\/10\/Estravel-Adventuras.jpg 1920w, https:\/\/prd.estravel.lt\/wp-content\/uploads\/2025\/10\/Estravel-Adventuras-300x169.jpg 300w, https:\/\/prd.estravel.lt\/wp-content\/uploads\/2025\/10\/Estravel-Adventuras-1024x576.jpg 1024w, https:\/\/prd.estravel.lt\/wp-content\/uploads\/2025\/10\/Estravel-Adventuras-768x432.jpg 768w, https:\/\/prd.estravel.lt\/wp-content\/uploads\/2025\/10\/Estravel-Adventuras-1536x864.jpg 1536w, https:\/\/prd.estravel.lt\/wp-content\/uploads\/2025\/10\/Estravel-Adventuras-600x338.jpg 600w\" sizes=\"auto, (max-width: 1920px) 100vw, 1920px\" \/><br \/>\n<strong>Laim\u0117jimai ir \u012fvertinimai<\/strong><\/h2>\n<p>2023 m. esame i\u0161rinkti kaip <a href=\"https:\/\/www.estravel.lt\/kelioniu-patarimai\/turizmo-sekmingiausieji-2023\/\" target=\"_blank\" rel=\"noopener\">S\u0117kmingiausias kelioni\u0173 organizatorius Lietuvoje<\/a>. <\/p>\n<p>2025 m. laim\u0117jome <em><a href=\"https:\/\/prd.estravel.lt\/estravel-estravel-laimejo-kuriame-zaliausia-miesta-konkurse-zaliojisostine-2025\/ivairios-naujienos\/\" target=\"_blank\" rel=\"noopener\">Kuriame \u017daliausi\u0105 miest\u0105<\/a> <\/em>konkurse tvari\u0173 turizmo paslaug\u0173 kategorijoje. <\/p>\n<p>Tikime, kad profesional\u0173 kelioni\u0173 konsultant\u0105 ne ma\u017eiau svarbu tur\u0117ti nei gydytoj\u0105, advokat\u0105 ar bankinink\u0105. Estravel kelioni\u0173 organizatorius kasdien investuoja tiek finansinius, tiek laiko resursus, siekdamas suteikti darbuotojams naujausi\u0173 \u017eini\u0173 Lietuvoje, Latvijoje, Estijoje, Suomijoje, JAV ir Australijoje. <\/p>\n\t\t<\/div>\n\t<\/div>\n<\/section>\n\n\n\n\n\n\n\r\n    <div class=\"estravel-buttons estravel-buttons-15716 align wp-block-acf-estravel-buttons\" id=\"estravel-buttons\">\r\n        <div class=\"general-container\">\r\n            <div class=\"estravel-buttons__list\">\r\n                                                            <a class=\"button\"\r\n                           href=\"https:\/\/estravelgroup.com\/estravel-group-of-companies\/\"\r\n                           target=\"_blank\">\r\n                            APIE ESTRAVEL GRUP\u0118                        <\/a>\r\n                                                <\/div>\r\n        <\/div>\r\n    <\/div>\r\n\r\n\r\n    \r\n    <div class=\"post-quote quote-align-left align wp-block-acf-quote\">\r\n        <div class=\"quote\">\r\n            <p>\u201eDaugiau nei 30 met\u0173 aistr\u0105 keliauti pavyko suderinti su darbu ir jau 28 metus kuriam keliones kartu su 54 kelioni\u0173 \r\nkonsultantais. \u201eEstravel\u201c \u2013 kelioni\u0173 agent\u016br\u0173 tinklas Baltijos \u0161alyse, galintis pasi\u016blyti plat\u0173 spektr\u0105 \u012fvairi\u0173 kelioni\u0173 bei kelioni\u0173 internetini\u0173 \u012franki\u0173 savaranki\u0161kiems keliautojams. Sau keliame tiksl\u0105 b\u016bti kiekvieno keliautojo \u0161irdyse geriausiais kelioni\u0173 patar\u0117jais. M\u016bs\u0173 komand\u0105 vienij\u0105 bendras pom\u0117gis keliauti bei vertyb\u0117 \u2013 keliauti atsakingai.\u201c   <\/p>\r\n        <\/div>\r\n\r\n                    <h6 class=\"quote__author\">\u017dydr\u0117 Gavelien\u0117, Estravel Vilnius direktor\u0117<\/h6>\r\n            <\/div>\r\n\r\n\n<section class=\"page-info page-info-15716 is-full-width-content align wp-block-acf-page-info\" id=\"page-info\">\n\t<div class=\"page-info__top main-content-layout\">\n\t\t\t\t\t<div class=\"page-info__text estravel-wysiwyg-editor tw-trim-edges is-medium-width-content\">\n\t\t\t\t<div class=\"tw-max-w-[700px]\">\n\t\t\t\t\t<h4><\/h4>\n<h3 style=\"text-align: justify;\"><strong>Apie Estravel kelioni\u0173 ekspert\u0173 komand\u0105<\/strong><\/h3>\n<p style=\"text-align: justify;\">Stipriai i\u0161augus kelioni\u0173 skai\u010diui ir i\u0161sipl\u0117tus keliaujan\u010di\u0173j\u0173 geografijai, suformavome skirtingose turizmo paslaugose besispecializuojan\u010dias komandas, kurios geriausiai \u012fgyvendina keliautoj\u0173 l\u016bkes\u010dius pagal pasirinkt\u0105 tem\u0105.<\/p>\n\t\t\t\t<\/div>\n\t\t\t<\/div>\n\t\t\n\t\t\t\t\t<div class=\"is-medium-width-content\">\n\t\t\t\t<div class=\"blocks-list tw-mt-[40px]\">\n\t\t\t\t\t\t\t\t\t\t\t<div class=\"block-item\">\n\t\t\t\t\t\t\t\t\t\t\t\t\t\t\t<img loading=\"lazy\" decoding=\"async\" width=\"160\" height=\"160\" src=\"https:\/\/prd.estravel.lt\/wp-content\/uploads\/2025\/10\/1-1.jpg\" class=\"block-item__image\" alt=\"Estravel kelioni\u0173 agent\u016bra\" srcset=\"https:\/\/prd.estravel.lt\/wp-content\/uploads\/2025\/10\/1-1.jpg 160w, https:\/\/prd.estravel.lt\/wp-content\/uploads\/2025\/10\/1-1-150x150.jpg 150w, https:\/\/prd.estravel.lt\/wp-content\/uploads\/2025\/10\/1-1-10x10.jpg 10w, https:\/\/prd.estravel.lt\/wp-content\/uploads\/2025\/10\/1-1-100x100.jpg 100w\" sizes=\"auto, (max-width: 160px) 100vw, 160px\" \/>\t\t\t\t\t\t\t\n\t\t\t\t\t\t\t\t\t\t\t\t\t\t\t<h5 class=\"block-item__title\">\n\t\t\t\t\t\t\t\t\tVerslo kelioni\u0173 komanda\t\t\t\t\t\t\t\t<\/h5>\n\t\t\t\t\t\t\t\n\t\t\t\t\t\t\t\t\t\t\t\t\t\t\t<p class=\"block-item__text\">\n\t\t\t\t\t\t\t\t\tM\u016bs\u0173 tikslas &#8211; kiekvienam keliautojui pasiekti savo darbinius tikslus geriausiu kainos ir kokyb\u0117s santykiu. Visi\u0161kai nesvarbu, ar keliaujate kart\u0105 per m\u0117nes\u012f, ar 60 kart\u0173. Suk\u016br\u0117me ir verslo kelioni\u0173 organizavimo \u012frankius savaranki\u0161kai planuojan\u010diam verslui.  \t\t\t\t\t\t\t\t<\/p>\n\t\t\t\t\t\t\t\t\t\t\t\t\t<\/div>\n\t\t\t\t\t\t\t\t\t\t\t<div class=\"block-item\">\n\t\t\t\t\t\t\t\t\t\t\t\t\t\t\t<img loading=\"lazy\" decoding=\"async\" width=\"160\" height=\"160\" src=\"https:\/\/prd.estravel.lt\/wp-content\/uploads\/2025\/10\/2-2.jpg\" class=\"block-item__image\" alt=\"Estravel kelioni\u0173 agent\u016bra\" srcset=\"https:\/\/prd.estravel.lt\/wp-content\/uploads\/2025\/10\/2-2.jpg 160w, https:\/\/prd.estravel.lt\/wp-content\/uploads\/2025\/10\/2-2-150x150.jpg 150w, https:\/\/prd.estravel.lt\/wp-content\/uploads\/2025\/10\/2-2-10x10.jpg 10w, https:\/\/prd.estravel.lt\/wp-content\/uploads\/2025\/10\/2-2-100x100.jpg 100w\" sizes=\"auto, (max-width: 160px) 100vw, 160px\" \/>\t\t\t\t\t\t\t\n\t\t\t\t\t\t\t\t\t\t\t\t\t\t\t<h5 class=\"block-item__title\">\n\t\t\t\t\t\t\t\t\tLaisvalaikio kelioni\u0173 komanda\t\t\t\t\t\t\t\t<\/h5>\n\t\t\t\t\t\t\t\n\t\t\t\t\t\t\t\t\t\t\t\t\t\t\t<p class=\"block-item__text\">\n\t\t\t\t\t\t\t\t\tPoilsini\u0173, pa\u017eintini\u0173 ir kruizini\u0173 atostog\u0173 kelioni\u0173 komandos tikslas \u2013 i\u0161siai\u0161kinus keliautoj\u0173 poreikius suplanuoti tinkamiausi\u0105 kelion\u0119, kuri ne tik leist\u0173 pails\u0117ti fizi\u0161kai, bet ir \u012fkv\u0117pt\u0173 naujiems tikslams, atitikt\u0173 vis\u0173 keliaujan\u010di\u0173j\u0173 poreikius bei biud\u017eet\u0105.\t\t\t\t\t\t\t\t<\/p>\n\t\t\t\t\t\t\t\t\t\t\t\t\t<\/div>\n\t\t\t\t\t\t\t\t\t\t\t<div class=\"block-item\">\n\t\t\t\t\t\t\t\t\t\t\t\t\t\t\t<img loading=\"lazy\" decoding=\"async\" width=\"160\" height=\"160\" src=\"https:\/\/prd.estravel.lt\/wp-content\/uploads\/2025\/10\/3-2.jpg\" class=\"block-item__image\" alt=\"Estravel kelioni\u0173 agent\u016bra\" srcset=\"https:\/\/prd.estravel.lt\/wp-content\/uploads\/2025\/10\/3-2.jpg 160w, https:\/\/prd.estravel.lt\/wp-content\/uploads\/2025\/10\/3-2-150x150.jpg 150w, https:\/\/prd.estravel.lt\/wp-content\/uploads\/2025\/10\/3-2-10x10.jpg 10w, https:\/\/prd.estravel.lt\/wp-content\/uploads\/2025\/10\/3-2-100x100.jpg 100w\" sizes=\"auto, (max-width: 160px) 100vw, 160px\" \/>\t\t\t\t\t\t\t\n\t\t\t\t\t\t\t\t\t\t\t\t\t\t\t<h5 class=\"block-item__title\">\n\t\t\t\t\t\t\t\t\tVie\u0161\u0173j\u0173 pirkim\u0173 komanda\t\t\t\t\t\t\t\t<\/h5>\n\t\t\t\t\t\t\t\n\t\t\t\t\t\t\t\t\t\t\t\t\t\t\t<p class=\"block-item__text\">\n\t\t\t\t\t\t\t\t\tVie\u0161\u0173j\u0173 pirkim\u0173 komandos tikslas &#8211; pad\u0117ti \u012fvairioms valstybin\u0117ms organizacijoms vykdyti vie\u0161uosius pirkimus skaidriausiu b\u016bdu bei u\u017etikrinti kainos ir kokyb\u0117s santyk\u012f keliaujantiems valstyb\u0117s tarnautojams.\t\t\t\t\t\t\t\t<\/p>\n\t\t\t\t\t\t\t\t\t\t\t\t\t<\/div>\n\t\t\t\t\t\t\t\t\t\t\t<div class=\"block-item\">\n\t\t\t\t\t\t\t\t\t\t\t\t\t\t\t<img loading=\"lazy\" decoding=\"async\" width=\"160\" height=\"160\" src=\"https:\/\/prd.estravel.lt\/wp-content\/uploads\/2025\/10\/5-1.jpg\" class=\"block-item__image\" alt=\"Estravel kelioni\u0173 agent\u016bra\" srcset=\"https:\/\/prd.estravel.lt\/wp-content\/uploads\/2025\/10\/5-1.jpg 160w, https:\/\/prd.estravel.lt\/wp-content\/uploads\/2025\/10\/5-1-150x150.jpg 150w, https:\/\/prd.estravel.lt\/wp-content\/uploads\/2025\/10\/5-1-10x10.jpg 10w, https:\/\/prd.estravel.lt\/wp-content\/uploads\/2025\/10\/5-1-100x100.jpg 100w\" sizes=\"auto, (max-width: 160px) 100vw, 160px\" \/>\t\t\t\t\t\t\t\n\t\t\t\t\t\t\t\t\t\t\t\t\t\t\t<h5 class=\"block-item__title\">\n\t\t\t\t\t\t\t\t\tMotyvacini\u0173 kelioni\u0173 komanda\t\t\t\t\t\t\t\t<\/h5>\n\t\t\t\t\t\t\t\n\t\t\t\t\t\t\t\t\t\t\t\t\t\t\t<p class=\"block-item__text\">\n\t\t\t\t\t\t\t\t\tMotyvacini\u0173 kelioni\u0173 komandos tikslas &#8211; kartu su \u012fmone sukurti toki\u0105 kelion\u0119 darbuotojams, klientams ar partneriams, kuri suburt\u0173 bendriems tikslams, palikt\u0173 \u012fsimintin\u0105 \u012fsp\u016bd\u012f, suteikt\u0173 motyvacijos ir \u012fkv\u0117pimo ateities bendradarbiavime. \t\t\t\t\t\t\t\t<\/p>\n\t\t\t\t\t\t\t\t\t\t\t\t\t<\/div>\n\t\t\t\t\t\t\t\t\t\t\t<div class=\"block-item\">\n\t\t\t\t\t\t\t\t\t\t\t\t\t\t\t<img loading=\"lazy\" decoding=\"async\" width=\"160\" height=\"160\" src=\"https:\/\/prd.estravel.lt\/wp-content\/uploads\/2025\/10\/4-1.jpg\" class=\"block-item__image\" alt=\"Estravel kelioni\u0173 agent\u016bra\" srcset=\"https:\/\/prd.estravel.lt\/wp-content\/uploads\/2025\/10\/4-1.jpg 160w, https:\/\/prd.estravel.lt\/wp-content\/uploads\/2025\/10\/4-1-150x150.jpg 150w, https:\/\/prd.estravel.lt\/wp-content\/uploads\/2025\/10\/4-1-10x10.jpg 10w, https:\/\/prd.estravel.lt\/wp-content\/uploads\/2025\/10\/4-1-100x100.jpg 100w\" sizes=\"auto, (max-width: 160px) 100vw, 160px\" \/>\t\t\t\t\t\t\t\n\t\t\t\t\t\t\t\t\t\t\t\t\t\t\t<h5 class=\"block-item__title\">\n\t\t\t\t\t\t\t\t\tKelioni\u0173 ir rengini\u0173 Baltijos \u0161alyse komandos\t\t\t\t\t\t\t\t<\/h5>\n\t\t\t\t\t\t\t\n\t\t\t\t\t\t\t\t\t\t\t\t\t\t\t<p class=\"block-item__text\">\n\t\t\t\t\t\t\t\t\tM\u016bs\u0173 tikslas &#8211; suteikti pa\u017einimo d\u017eiaugsm\u0105 tiek \u012fmoni\u0173 darbuotojams, tiek sve\u010diams, norintiems pramogauti Lietuvoje ir kitose Baltijos \u0161alyse. Nuo dienos i\u0161vyk\u0173 iki konferencij\u0173 ir dideli\u0173 pramogini\u0173 rengini\u0173 &#8211; esame J\u016bs\u0173 paslaugoms.  \t\t\t\t\t\t\t\t<\/p>\n\t\t\t\t\t\t\t\t\t\t\t\t\t<\/div>\n\t\t\t\t\t\t\t\t\t<\/div>\n\t\t\t<\/div>\n\t\t\n\t<\/div>\n\n\t\t\t<div class=\"team-cta\">\n\t\t\t<div class=\"general-container\">\n\t\t\t\t<div class=\"team-cta__block\">\n\t\t\t\t\t\n\t\t\t\t\t\t\t\t\t\t\t<picture class=\"team-cta__image\">\n\t\t\t\t\t\t\t\t\t\t\t\t\t\t\t<source media=\"(max-width: 767px)\" srcset=\"https:\/\/prd.estravel.lt\/wp-content\/uploads\/2025\/10\/APIE-MUS-Estravel.jpg\">\n\t\t\t\t\t\t\t\n\t\t\t\t\t\t\t\t\t\t\t\t\t\t\t<img\n\t\t\t\t\t\t\t\t\tsrc=\"https:\/\/prd.estravel.lt\/wp-content\/uploads\/2025\/10\/APIE-MUS-Estravel.jpg\"\n\t\t\t\t\t\t\t\t\tclass=\"bg-image\"\n\t\t\t\t\t\t\t\t\talt=\"APIE MUS Estravel\"\n\t\t\t\t\t\t\t\t>\n\t\t\t\t\t\t\t\t\t\t\t\t\t<\/picture>\n\t\t\t\t\t\n\t\t\t\t\t\t\t\t\t\t\t<div class=\"team-cta__text\">\n\t\t\t\t\t\t\t<h4><strong>Kelion\u0117 \u2013 geriausia investicija.<\/strong><\/h4>\n<p>Kelion\u0117 \u2013 tai ne tik l\u0117ktuv\u0173 bilietai ir vie\u0161bu\u010diai. Kelion\u0117 \u2013 \u012fsp\u016bd\u017eiai ir patirtys bei dalis j\u016bs\u0173 pa\u010di\u0173 istorijos. Tad kvie\u010diame \u012f keliavim\u0105 \u017ei\u016br\u0117ti atsakingai, o kartu ir i\u0161radingai.  <\/p>\n\t\t\t\t\t\t<\/div>\n\t\t\t\t\t\n\t\t\t\t\t\t\t\t\t\t\t<div class=\"team-cta__button\">\n\t\t\t\t\t\t\t<a\n\t\t\t\t\t\t\t\tclass=\"white-button\"\n\t\t\t\t\t\t\t\thref=\"https:\/\/www.estravel.lt\/uzsakyti-kelione-estravel\/\"\n\t\t\t\t\t\t\t\ttarget=\"_blank\"\n\t\t\t\t\t\t\t>\n\t\t\t\t\t\t\t\tPLANUOTI KELION\u0118 SU ESTRAVEL\t\t\t\t\t\t\t<\/a>\n\t\t\t\t\t\t<\/div>\n\t\t\t\t\t\t\t\t\t<\/div>\n\t\t\t<\/div>\n\t\t<\/div>\n\t<\/section>\n","protected":false},"excerpt":{"rendered":"","protected":false},"author":1,"featured_media":15715,"parent":0,"menu_order":0,"comment_status":"closed","ping_status":"closed","template":"","meta":{"_acf_changed":false,"footnotes":""},"class_list":["post-15716","page","type-page","status-publish","has-post-thumbnail","hentry"],"acf":[],"yoast_head":"<!-- This site is optimized with the Yoast SEO plugin v26.0 - https:\/\/yoast.com\/wordpress\/plugins\/seo\/ -->\n<title>About us - Estravel kelioni\u0173 centras<\/title>\n<meta name=\"description\" content=\"Estravel - apie mus - su\u017einokite kiek laiko jau dirbame Lietuvos rinkoje ir Baltijos \u0161alyse ir kod\u0117l esame patikimas kelioni\u0173 partneris.\" \/>\n<meta name=\"robots\" content=\"noindex, follow, max-snippet:-1, max-image-preview:large, max-video-preview:-1\" \/>\n<meta property=\"og:locale\" content=\"en_US\" \/>\n<meta property=\"og:type\" content=\"article\" \/>\n<meta property=\"og:title\" content=\"About us - Estravel kelioni\u0173 centras\" \/>\n<meta property=\"og:description\" content=\"Estravel - apie mus - su\u017einokite kiek laiko jau dirbame Lietuvos rinkoje ir Baltijos \u0161alyse ir kod\u0117l esame patikimas kelioni\u0173 partneris.\" \/>\n<meta property=\"og:url\" content=\"https:\/\/prd.estravel.lt\/en\/about-us\/\" \/>\n<meta property=\"og:site_name\" content=\"Estravel kelioni\u0173 agent\u016bra\" \/>\n<meta property=\"article:modified_time\" content=\"2026-01-27T10:43:24+00:00\" \/>\n<meta property=\"og:image\" content=\"https:\/\/prd.estravel.lt\/wp-content\/uploads\/2025\/10\/Estravel-Adventuras.jpg\" \/>\n\t<meta property=\"og:image:width\" content=\"1920\" \/>\n\t<meta property=\"og:image:height\" content=\"1080\" \/>\n\t<meta property=\"og:image:type\" content=\"image\/jpeg\" \/>\n<meta name=\"twitter:card\" content=\"summary_large_image\" \/>\n<script type=\"application\/ld+json\" class=\"yoast-schema-graph\">{\"@context\":\"https:\/\/schema.org\",\"@graph\":[{\"@type\":\"WebPage\",\"@id\":\"https:\/\/prd.estravel.lt\/en\/about-us\/\",\"url\":\"https:\/\/prd.estravel.lt\/en\/about-us\/\",\"name\":\"About us - Estravel kelioni\u0173 centras\",\"isPartOf\":{\"@id\":\"https:\/\/prd.estravel.lt\/en\/#website\"},\"primaryImageOfPage\":{\"@id\":\"https:\/\/prd.estravel.lt\/en\/about-us\/#primaryimage\"},\"image\":{\"@id\":\"https:\/\/prd.estravel.lt\/en\/about-us\/#primaryimage\"},\"thumbnailUrl\":\"https:\/\/prd.estravel.lt\/wp-content\/uploads\/2025\/10\/Estravel-Adventuras.jpg\",\"datePublished\":\"2025-07-26T05:43:35+00:00\",\"dateModified\":\"2026-01-27T10:43:24+00:00\",\"description\":\"Estravel - apie mus - su\u017einokite kiek laiko jau dirbame Lietuvos rinkoje ir Baltijos \u0161alyse ir kod\u0117l esame patikimas kelioni\u0173 partneris.\",\"breadcrumb\":{\"@id\":\"https:\/\/prd.estravel.lt\/en\/about-us\/#breadcrumb\"},\"inLanguage\":\"en-US\",\"potentialAction\":[{\"@type\":\"ReadAction\",\"target\":[\"https:\/\/prd.estravel.lt\/en\/about-us\/\"]}]},{\"@type\":\"ImageObject\",\"inLanguage\":\"en-US\",\"@id\":\"https:\/\/prd.estravel.lt\/en\/about-us\/#primaryimage\",\"url\":\"https:\/\/prd.estravel.lt\/wp-content\/uploads\/2025\/10\/Estravel-Adventuras.jpg\",\"contentUrl\":\"https:\/\/prd.estravel.lt\/wp-content\/uploads\/2025\/10\/Estravel-Adventuras.jpg\",\"width\":1920,\"height\":1080,\"caption\":\"estravel komanda\"},{\"@type\":\"BreadcrumbList\",\"@id\":\"https:\/\/prd.estravel.lt\/en\/about-us\/#breadcrumb\",\"itemListElement\":[{\"@type\":\"ListItem\",\"position\":1,\"name\":\"Pagrindinis puslapis\",\"item\":\"https:\/\/prd.estravel.lt\/en\/\"},{\"@type\":\"ListItem\",\"position\":2,\"name\":\"About us\"}]},{\"@type\":\"WebSite\",\"@id\":\"https:\/\/prd.estravel.lt\/en\/#website\",\"url\":\"https:\/\/prd.estravel.lt\/en\/\",\"name\":\"Estravel kelioni\u0173 agent\u016bra\",\"description\":\"did\u017eiausia kelioni\u0173 agent\u016bra Baltijos \u0161alyse.\",\"publisher\":{\"@id\":\"https:\/\/prd.estravel.lt\/en\/#organization\"},\"potentialAction\":[{\"@type\":\"SearchAction\",\"target\":{\"@type\":\"EntryPoint\",\"urlTemplate\":\"https:\/\/prd.estravel.lt\/en\/?s={search_term_string}\"},\"query-input\":{\"@type\":\"PropertyValueSpecification\",\"valueRequired\":true,\"valueName\":\"search_term_string\"}}],\"inLanguage\":\"en-US\"},{\"@type\":\"Organization\",\"@id\":\"https:\/\/prd.estravel.lt\/en\/#organization\",\"name\":\"Estravel kelioni\u0173 agent\u016bra\",\"url\":\"https:\/\/prd.estravel.lt\/en\/\",\"logo\":{\"@type\":\"ImageObject\",\"inLanguage\":\"en-US\",\"@id\":\"https:\/\/prd.estravel.lt\/en\/#\/schema\/logo\/image\/\",\"url\":\"https:\/\/prd.estravel.lt\/wp-content\/uploads\/2025\/07\/Estravel-Logo.png\",\"contentUrl\":\"https:\/\/prd.estravel.lt\/wp-content\/uploads\/2025\/07\/Estravel-Logo.png\",\"width\":183,\"height\":54,\"caption\":\"Estravel kelioni\u0173 agent\u016bra\"},\"image\":{\"@id\":\"https:\/\/prd.estravel.lt\/en\/#\/schema\/logo\/image\/\"}}]}<\/script>\n<!-- \/ Yoast SEO plugin. -->","yoast_head_json":{"title":"About us - Estravel kelioni\u0173 centras","description":"Estravel - apie mus - su\u017einokite kiek laiko jau dirbame Lietuvos rinkoje ir Baltijos \u0161alyse ir kod\u0117l esame patikimas kelioni\u0173 partneris.","robots":{"index":"noindex","follow":"follow","max-snippet":"max-snippet:-1","max-image-preview":"max-image-preview:large","max-video-preview":"max-video-preview:-1"},"og_locale":"en_US","og_type":"article","og_title":"About us - Estravel kelioni\u0173 centras","og_description":"Estravel - apie mus - su\u017einokite kiek laiko jau dirbame Lietuvos rinkoje ir Baltijos \u0161alyse ir kod\u0117l esame patikimas kelioni\u0173 partneris.","og_url":"https:\/\/prd.estravel.lt\/en\/about-us\/","og_site_name":"Estravel kelioni\u0173 agent\u016bra","article_modified_time":"2026-01-27T10:43:24+00:00","og_image":[{"width":1920,"height":1080,"url":"https:\/\/prd.estravel.lt\/wp-content\/uploads\/2025\/10\/Estravel-Adventuras.jpg","type":"image\/jpeg"}],"twitter_card":"summary_large_image","schema":{"@context":"https:\/\/schema.org","@graph":[{"@type":"WebPage","@id":"https:\/\/prd.estravel.lt\/en\/about-us\/","url":"https:\/\/prd.estravel.lt\/en\/about-us\/","name":"About us - Estravel kelioni\u0173 centras","isPartOf":{"@id":"https:\/\/prd.estravel.lt\/en\/#website"},"primaryImageOfPage":{"@id":"https:\/\/prd.estravel.lt\/en\/about-us\/#primaryimage"},"image":{"@id":"https:\/\/prd.estravel.lt\/en\/about-us\/#primaryimage"},"thumbnailUrl":"https:\/\/prd.estravel.lt\/wp-content\/uploads\/2025\/10\/Estravel-Adventuras.jpg","datePublished":"2025-07-26T05:43:35+00:00","dateModified":"2026-01-27T10:43:24+00:00","description":"Estravel - apie mus - su\u017einokite kiek laiko jau dirbame Lietuvos rinkoje ir Baltijos \u0161alyse ir kod\u0117l esame patikimas kelioni\u0173 partneris.","breadcrumb":{"@id":"https:\/\/prd.estravel.lt\/en\/about-us\/#breadcrumb"},"inLanguage":"en-US","potentialAction":[{"@type":"ReadAction","target":["https:\/\/prd.estravel.lt\/en\/about-us\/"]}]},{"@type":"ImageObject","inLanguage":"en-US","@id":"https:\/\/prd.estravel.lt\/en\/about-us\/#primaryimage","url":"https:\/\/prd.estravel.lt\/wp-content\/uploads\/2025\/10\/Estravel-Adventuras.jpg","contentUrl":"https:\/\/prd.estravel.lt\/wp-content\/uploads\/2025\/10\/Estravel-Adventuras.jpg","width":1920,"height":1080,"caption":"estravel komanda"},{"@type":"BreadcrumbList","@id":"https:\/\/prd.estravel.lt\/en\/about-us\/#breadcrumb","itemListElement":[{"@type":"ListItem","position":1,"name":"Pagrindinis puslapis","item":"https:\/\/prd.estravel.lt\/en\/"},{"@type":"ListItem","position":2,"name":"About us"}]},{"@type":"WebSite","@id":"https:\/\/prd.estravel.lt\/en\/#website","url":"https:\/\/prd.estravel.lt\/en\/","name":"Estravel kelioni\u0173 agent\u016bra","description":"did\u017eiausia kelioni\u0173 agent\u016bra Baltijos \u0161alyse.","publisher":{"@id":"https:\/\/prd.estravel.lt\/en\/#organization"},"potentialAction":[{"@type":"SearchAction","target":{"@type":"EntryPoint","urlTemplate":"https:\/\/prd.estravel.lt\/en\/?s={search_term_string}"},"query-input":{"@type":"PropertyValueSpecification","valueRequired":true,"valueName":"search_term_string"}}],"inLanguage":"en-US"},{"@type":"Organization","@id":"https:\/\/prd.estravel.lt\/en\/#organization","name":"Estravel kelioni\u0173 agent\u016bra","url":"https:\/\/prd.estravel.lt\/en\/","logo":{"@type":"ImageObject","inLanguage":"en-US","@id":"https:\/\/prd.estravel.lt\/en\/#\/schema\/logo\/image\/","url":"https:\/\/prd.estravel.lt\/wp-content\/uploads\/2025\/07\/Estravel-Logo.png","contentUrl":"https:\/\/prd.estravel.lt\/wp-content\/uploads\/2025\/07\/Estravel-Logo.png","width":183,"height":54,"caption":"Estravel kelioni\u0173 agent\u016bra"},"image":{"@id":"https:\/\/prd.estravel.lt\/en\/#\/schema\/logo\/image\/"}}]}},"_links":{"self":[{"href":"https:\/\/prd.estravel.lt\/en\/wp-json\/wp\/v2\/pages\/15716","targetHints":{"allow":["GET"]}}],"collection":[{"href":"https:\/\/prd.estravel.lt\/en\/wp-json\/wp\/v2\/pages"}],"about":[{"href":"https:\/\/prd.estravel.lt\/en\/wp-json\/wp\/v2\/types\/page"}],"author":[{"embeddable":true,"href":"https:\/\/prd.estravel.lt\/en\/wp-json\/wp\/v2\/users\/1"}],"replies":[{"embeddable":true,"href":"https:\/\/prd.estravel.lt\/en\/wp-json\/wp\/v2\/comments?post=15716"}],"version-history":[{"count":1,"href":"https:\/\/prd.estravel.lt\/en\/wp-json\/wp\/v2\/pages\/15716\/revisions"}],"predecessor-version":[{"id":15725,"href":"https:\/\/prd.estravel.lt\/en\/wp-json\/wp\/v2\/pages\/15716\/revisions\/15725"}],"wp:featuredmedia":[{"embeddable":true,"href":"https:\/\/prd.estravel.lt\/en\/wp-json\/wp\/v2\/media\/15715"}],"wp:attachment":[{"href":"https:\/\/prd.estravel.lt\/en\/wp-json\/wp\/v2\/media?parent=15716"}],"curies":[{"name":"wp","href":"https:\/\/api.w.org\/{rel}","templated":true}]}}