{"id":15735,"date":"2025-08-02T22:19:02","date_gmt":"2025-08-02T19:19:02","guid":{"rendered":"https:\/\/prd.estravel.lt\/business-travel-organization\/"},"modified":"2026-01-27T14:16:09","modified_gmt":"2026-01-27T11:16:09","slug":"business-travel-organization","status":"publish","type":"page","link":"https:\/\/prd.estravel.lt\/en\/business-travel-organization\/","title":{"rendered":"Business travel organization"},"content":{"rendered":"\n\t<style>\n\t\t\/* Pre-init state: show only first slide until Slick is ready *\/\n\t\t.main-slider-15735 .main-slider__container:not(.is-ready) {\n\t\t\toverflow: hidden;\n\t\t}\n\n\t\t.main-slider-15735 .main-slider__container:not(.is-ready) .slider-item {\n\t\t\tdisplay: none !important;\n\t\t}\n\n\t\t.main-slider-15735 .main-slider__container:not(.is-ready) .slider-item:first-child {\n\t\t\tdisplay: flex !important;\n\t\t\twidth: 100%;\n\t\t}\n\t<\/style>\n\n\t<section class=\"main-slider main-slider- is-full-width-content tw-w-full main-slider-15735 align wp-block-acf-slider\" id=\"main-slider\">\n\t\t<div class=\"main-slider__container\">\n\t\t\t\t\t\t\t\t\t\t\t<div class=\"slider-item tw-relative tw-w-full tw-flex tw-justify-center tw-overflow-visible\">\n\t\t\t\t\t<div class=\"slider-item__inner tw-relative tw-w-full tw-overflow-hidden tw-rounded-b-[60px]\">\n\n\t\t\t\t\t\t<img loading=\"lazy\" decoding=\"async\" width=\"570\" height=\"329\" src=\"https:\/\/prd.estravel.lt\/wp-content\/uploads\/2025\/12\/HERO-HEADER-aspect-ratio-570-329.png\" class=\"slider-item__image tw-w-full tw-h-auto tw-block md:tw-hidden\" alt=\"Estravel kelioni\u0173 agent\u016bra\" srcset=\"https:\/\/prd.estravel.lt\/wp-content\/uploads\/2025\/12\/HERO-HEADER-aspect-ratio-570-329.png 570w, https:\/\/prd.estravel.lt\/wp-content\/uploads\/2025\/12\/HERO-HEADER-aspect-ratio-570-329-300x173.png 300w\" sizes=\"auto, (max-width: 570px) 100vw, 570px\" \/><img loading=\"lazy\" decoding=\"async\" width=\"1433\" height=\"365\" src=\"https:\/\/prd.estravel.lt\/wp-content\/uploads\/2025\/12\/HERO-HEADER-aspect-ratio-1433-365.png\" class=\"slider-item__image tw-w-full tw-h-auto tw-hidden md:tw-block\" alt=\"Estravel kelioni\u0173 agent\u016bra\" srcset=\"https:\/\/prd.estravel.lt\/wp-content\/uploads\/2025\/12\/HERO-HEADER-aspect-ratio-1433-365.png 1433w, https:\/\/prd.estravel.lt\/wp-content\/uploads\/2025\/12\/HERO-HEADER-aspect-ratio-1433-365-300x76.png 300w, https:\/\/prd.estravel.lt\/wp-content\/uploads\/2025\/12\/HERO-HEADER-aspect-ratio-1433-365-1024x261.png 1024w, https:\/\/prd.estravel.lt\/wp-content\/uploads\/2025\/12\/HERO-HEADER-aspect-ratio-1433-365-768x196.png 768w, https:\/\/prd.estravel.lt\/wp-content\/uploads\/2025\/12\/HERO-HEADER-aspect-ratio-1433-365-600x153.png 600w\" sizes=\"auto, (max-width: 1433px) 100vw, 1433px\" \/>\n\t\t\t\t\t\t<!-- Overlay -->\n\t\t\t\t\t\t<div class=\"tw-absolute tw-inset-0 tw-z-[1] tw-rounded-b-[60px] tw-w-full tw-h-full tw-pointer-events-none tw-mix-blend-multiply\n            tw-bg-[linear-gradient(90.17deg,_rgb(75_141_219_\/_70%)_23.16%,_rgba(15,87,173,0)_99.85%)]\"><\/div>\n\n\t\t\t\t\t\t\n\t\t\t\t\t\t<div class=\"tw-absolute tw-inset-0 tw-z-[2] tw-flex tw-items-center\">\n\t\t\t\t\t\t\t<div class=\"general-container tw-w-full\">\n\t\t\t\t\t\t\t\t<div class=\"slider-item__content tw-w-full\">\n\t\t\t\t\t\t\t\t\t\n\t\t\t\t\t\t\t\t\t\t\t\t\t\t\t\t\t\t\t<div class=\"slider-item__text md:tw-max-w-[75ch] tw-p-0\">\n\t\t\t\t\t\t\t\t\t\t\t<h2><strong>Business travel organization<\/strong><\/h2>\n<h6><strong>Visos verslo kelioni\u0173 paslaugos vienoje vietoje<\/strong><\/h6>\n\t\t\t\t\t\t\t\t\t\t<\/div>\n\t\t\t\t\t\t\t\t\t\n\t\t\t\t\t\t\t\t\t\t\t\t\t\t\t\t\t<\/div><!-- \/.slider-item__content -->\n\t\t\t\t\t\t\t<\/div><!-- \/.general-container -->\n\t\t\t\t\t\t<\/div><!-- \/.text wrapper -->\n\n\t\t\t\t\t<\/div><!-- \/.slider-item__inner -->\n\t\t\t\t<\/div><!-- \/.slider-item -->\n\t\t\t\t\t<\/div>\n\t<\/section>\n\n\n<section class=\"estravel-text estravel-text-15735 align wp-block-acf-estravel-text\" id=\"estravel-text\">\n\t<div class=\"\">\n\t\t<div class=\"estravel-text__title estravel-wysiwyg-editor  tw-trim-edges\">\n\t\t\t<p>Tikime, kad tur\u0117ti patikim\u0105 verslo kelioni\u0173 organizavimo partner\u012f yra lygiai taip pat svarbu, kaip tur\u0117ti savo advokat\u0105 ar gydytoj\u0105. Estravel bus <strong>patikimas J\u016bs\u0173 verslo kelioni\u0173 partneris<\/strong> ir patar\u0117jas nuo pat verslo kelion\u0117s planavimo prad\u017eios iki pabaigos, 24\/7. <\/p>\n<p>Estravel galite u\u017esakyti <strong>visas verslo kelioni\u0173 paslaugas vienoje vietoje.<\/strong> Mes esame tam, kad J\u016bs gal\u0117tum\u0117te fokusuotis \u012f savo verslo tikslus, o ne \u012f kelioni\u0173 planavimo detales.<\/p>\n\t\t<\/div>\n\t<\/div>\n<\/section>\n\n\n\n\n\n\n\n<section class=\"links is-full-width-content links-15735 align wp-block-acf-links\" id=\"links\">\n\t\t\t<div class=\"links-list\">\n\t\t\t<div class=\"general-container\">\n\t\t\t\t<ul class=\"links-list__grid tw-list-none tw-pl-0 !tw-grid !tw-m-0\">\n\t\t\t\t\t\t\t\t\t\t\t\t\t\t\t\t\t\t<li>\n\t\t\t\t\t\t\t\t<a href=\"https:\/\/prd.estravel.lt\/24-7-pagalba-keliautojams\/\"\n\t\t\t\t\t\t\t\t   target=\"_blank\">\n\t\t\t\t\t\t\t\t\t24\/7 pagalba verslo keliautojams\t\t\t\t\t\t\t\t\t<img loading=\"lazy\" decoding=\"async\" src=\"https:\/\/prd.estravel.lt\/wp-content\/themes\/estravel\/images\/arrow-big.svg\" width=\"16\" height=\"16\" alt=\"arrow\">\n\t\t\t\t\t\t\t\t<\/a>\n\t\t\t\t\t\t\t<\/li>\n\t\t\t\t\t\t\t\t\t\t\t\t\t\t\t\t\t\t\t\t\t\t\t\t<li>\n\t\t\t\t\t\t\t\t<a href=\"https:\/\/prd.estravel.lt\/lektuvu-bilietai-uzsakymas\/\"\n\t\t\t\t\t\t\t\t   target=\"_blank\">\n\t\t\t\t\t\t\t\t\tL\u0117ktuv\u0173 bilietai\t\t\t\t\t\t\t\t\t<img loading=\"lazy\" decoding=\"async\" src=\"https:\/\/prd.estravel.lt\/wp-content\/themes\/estravel\/images\/arrow-big.svg\" width=\"16\" height=\"16\" alt=\"arrow\">\n\t\t\t\t\t\t\t\t<\/a>\n\t\t\t\t\t\t\t<\/li>\n\t\t\t\t\t\t\t\t\t\t\t\t\t\t\t\t\t\t\t\t\t\t\t\t<li>\n\t\t\t\t\t\t\t\t<a href=\"https:\/\/prd.estravel.lt\/apgyvendinimo-paslaugos\/\"\n\t\t\t\t\t\t\t\t   target=\"_blank\">\n\t\t\t\t\t\t\t\t\tApgyvendinimas vie\u0161bu\u010diuose\t\t\t\t\t\t\t\t\t<img loading=\"lazy\" decoding=\"async\" src=\"https:\/\/prd.estravel.lt\/wp-content\/themes\/estravel\/images\/arrow-big.svg\" width=\"16\" height=\"16\" alt=\"arrow\">\n\t\t\t\t\t\t\t\t<\/a>\n\t\t\t\t\t\t\t<\/li>\n\t\t\t\t\t\t\t\t\t\t\t\t\t\t\t\t\t\t\t\t\t\t\t\t<li>\n\t\t\t\t\t\t\t\t<a href=\"https:\/\/prd.estravel.lt\/motyvacines-keliones-kolektyvams\/\"\n\t\t\t\t\t\t\t\t   target=\"_blank\">\n\t\t\t\t\t\t\t\t\tMotyvacin\u0117s kelion\u0117s darbuotojams, klientams\t\t\t\t\t\t\t\t\t<img loading=\"lazy\" decoding=\"async\" src=\"https:\/\/prd.estravel.lt\/wp-content\/themes\/estravel\/images\/arrow-big.svg\" width=\"16\" height=\"16\" alt=\"arrow\">\n\t\t\t\t\t\t\t\t<\/a>\n\t\t\t\t\t\t\t<\/li>\n\t\t\t\t\t\t\t\t\t\t\t\t\t\t\t\t\t\t\t\t\t\t\t\t<li>\n\t\t\t\t\t\t\t\t<a href=\"https:\/\/prd.estravel.lt\/didziausios-tarptautines-parodos-pasaulyje\/\"\n\t\t\t\t\t\t\t\t   target=\"_blank\">\n\t\t\t\t\t\t\t\t\tKelion\u0117s \u012f tarptautines parodas\t\t\t\t\t\t\t\t\t<img loading=\"lazy\" decoding=\"async\" src=\"https:\/\/prd.estravel.lt\/wp-content\/themes\/estravel\/images\/arrow-big.svg\" width=\"16\" height=\"16\" alt=\"arrow\">\n\t\t\t\t\t\t\t\t<\/a>\n\t\t\t\t\t\t\t<\/li>\n\t\t\t\t\t\t\t\t\t\t\t\t\t\t\t\t\t\t\t\t\t\t\t\t<li>\n\t\t\t\t\t\t\t\t<a href=\"https:\/\/prd.estravel.lt\/bleisure-keliones\/\"\n\t\t\t\t\t\t\t\t   target=\"_blank\">\n\t\t\t\t\t\t\t\t\tBleisure: ekskursijos, koncertai ir kt. paslaugos \t\t\t\t\t\t\t\t\t<img loading=\"lazy\" decoding=\"async\" src=\"https:\/\/prd.estravel.lt\/wp-content\/themes\/estravel\/images\/arrow-big.svg\" width=\"16\" height=\"16\" alt=\"arrow\">\n\t\t\t\t\t\t\t\t<\/a>\n\t\t\t\t\t\t\t<\/li>\n\t\t\t\t\t\t\t\t\t\t\t\t\t\t\t\t\t\t\t\t\t\t\t\t<li>\n\t\t\t\t\t\t\t\t<a href=\"https:\/\/prd.estravel.lt\/kelioniu-draudimas\/\"\n\t\t\t\t\t\t\t\t   target=\"_blank\">\n\t\t\t\t\t\t\t\t\tKelioni\u0173 draudimas: l\u0117ktuvo biliet\u0173, baga\u017eo ir kt.\t\t\t\t\t\t\t\t\t<img loading=\"lazy\" decoding=\"async\" src=\"https:\/\/prd.estravel.lt\/wp-content\/themes\/estravel\/images\/arrow-big.svg\" width=\"16\" height=\"16\" alt=\"arrow\">\n\t\t\t\t\t\t\t\t<\/a>\n\t\t\t\t\t\t\t<\/li>\n\t\t\t\t\t\t\t\t\t\t\t\t\t\t\t\t\t\t\t\t\t\t\t\t<li>\n\t\t\t\t\t\t\t\t<a href=\"https:\/\/prd.estravel.lt\/pervezimai\/\"\n\t\t\t\t\t\t\t\t   target=\"_blank\">\n\t\t\t\t\t\t\t\t\tPrivat\u016bs, grupiniai perve\u017eimai\t\t\t\t\t\t\t\t\t<img loading=\"lazy\" decoding=\"async\" src=\"https:\/\/prd.estravel.lt\/wp-content\/themes\/estravel\/images\/arrow-big.svg\" width=\"16\" height=\"16\" alt=\"arrow\">\n\t\t\t\t\t\t\t\t<\/a>\n\t\t\t\t\t\t\t<\/li>\n\t\t\t\t\t\t\t\t\t\t\t\t\t\t\t\t\t\t\t\t\t\t\t\t<li>\n\t\t\t\t\t\t\t\t<a href=\"https:\/\/prd.estravel.lt\/automobiliu-nuoma\/\"\n\t\t\t\t\t\t\t\t   target=\"_blank\">\n\t\t\t\t\t\t\t\t\tAutomobili\u0173 nuoma\t\t\t\t\t\t\t\t\t<img loading=\"lazy\" decoding=\"async\" src=\"https:\/\/prd.estravel.lt\/wp-content\/themes\/estravel\/images\/arrow-big.svg\" width=\"16\" height=\"16\" alt=\"arrow\">\n\t\t\t\t\t\t\t\t<\/a>\n\t\t\t\t\t\t\t<\/li>\n\t\t\t\t\t\t\t\t\t\t\t\t\t\t\t\t\t\t\t\t\t\t\t\t<li>\n\t\t\t\t\t\t\t\t<a href=\"https:\/\/prd.estravel.lt\/keltu-bilietai\/\"\n\t\t\t\t\t\t\t\t   target=\"_blank\">\n\t\t\t\t\t\t\t\t\tKelt\u0173 bilietai\t\t\t\t\t\t\t\t\t<img loading=\"lazy\" decoding=\"async\" src=\"https:\/\/prd.estravel.lt\/wp-content\/themes\/estravel\/images\/arrow-big.svg\" width=\"16\" height=\"16\" alt=\"arrow\">\n\t\t\t\t\t\t\t\t<\/a>\n\t\t\t\t\t\t\t<\/li>\n\t\t\t\t\t\t\t\t\t\t\t\t\t\t\t\t\t\t\t\t\t\t\t\t<li>\n\t\t\t\t\t\t\t\t<a href=\"https:\/\/prd.estravel.lt\/autobusu-traukiniu-bilietai\/\"\n\t\t\t\t\t\t\t\t   target=\"_blank\">\n\t\t\t\t\t\t\t\t\tAutobus\u0173, traukini\u0173 bilietai\t\t\t\t\t\t\t\t\t<img loading=\"lazy\" decoding=\"async\" src=\"https:\/\/prd.estravel.lt\/wp-content\/themes\/estravel\/images\/arrow-big.svg\" width=\"16\" height=\"16\" alt=\"arrow\">\n\t\t\t\t\t\t\t\t<\/a>\n\t\t\t\t\t\t\t<\/li>\n\t\t\t\t\t\t\t\t\t\t\t\t\t\t\t\t\t\t\t\t\t\t\t\t<li>\n\t\t\t\t\t\t\t\t<a href=\"https:\/\/prd.estravel.lt\/verslo-renginiai-organzavimas\/%20%20\"\n\t\t\t\t\t\t\t\t   target=\"_blank\">\n\t\t\t\t\t\t\t\t\tKonferencij\u0173, rengini\u0173 organizavimas\t\t\t\t\t\t\t\t\t<img loading=\"lazy\" decoding=\"async\" src=\"https:\/\/prd.estravel.lt\/wp-content\/themes\/estravel\/images\/arrow-big.svg\" width=\"16\" height=\"16\" alt=\"arrow\">\n\t\t\t\t\t\t\t\t<\/a>\n\t\t\t\t\t\t\t<\/li>\n\t\t\t\t\t\t\t\t\t\t\t\t\t\t\t\t\t\t\t\t\t\t\t\t<li>\n\t\t\t\t\t\t\t\t<a href=\"https:\/\/prd.estravel.lt\/greitoji-saugumo-patikra-fast-track\/\"\n\t\t\t\t\t\t\t\t   target=\"_blank\">\n\t\t\t\t\t\t\t\t\tGreitoji saugumo patikra oro uostuose\t\t\t\t\t\t\t\t\t<img loading=\"lazy\" decoding=\"async\" src=\"https:\/\/prd.estravel.lt\/wp-content\/themes\/estravel\/images\/arrow-big.svg\" width=\"16\" height=\"16\" alt=\"arrow\">\n\t\t\t\t\t\t\t\t<\/a>\n\t\t\t\t\t\t\t<\/li>\n\t\t\t\t\t\t\t\t\t\t\t\t\t\t\t\t\t\t\t\t\t\t\t\t<li>\n\t\t\t\t\t\t\t\t<a href=\"https:\/\/prd.estravel.lt\/business-lounges-verslo-klubai-uzsakymas-oro-uostuose\/%20%20\"\n\t\t\t\t\t\t\t\t   target=\"_blank\">\n\t\t\t\t\t\t\t\t\t\u201eBusiness Lounge\u201d u\u017esakymas oro uostuose\t\t\t\t\t\t\t\t\t<img loading=\"lazy\" decoding=\"async\" src=\"https:\/\/prd.estravel.lt\/wp-content\/themes\/estravel\/images\/arrow-big.svg\" width=\"16\" height=\"16\" alt=\"arrow\">\n\t\t\t\t\t\t\t\t<\/a>\n\t\t\t\t\t\t\t<\/li>\n\t\t\t\t\t\t\t\t\t\t\t\t\t\t\t\t\t\t\t\t\t\t\t\t<li>\n\t\t\t\t\t\t\t\t<a href=\"https:\/\/prd.estravel.lt\/vizu-forminimas\/\"\n\t\t\t\t\t\t\t\t   target=\"_blank\">\n\t\t\t\t\t\t\t\t\tViz\u0173 forminimas\t\t\t\t\t\t\t\t\t<img loading=\"lazy\" decoding=\"async\" src=\"https:\/\/prd.estravel.lt\/wp-content\/themes\/estravel\/images\/arrow-big.svg\" width=\"16\" height=\"16\" alt=\"arrow\">\n\t\t\t\t\t\t\t\t<\/a>\n\t\t\t\t\t\t\t<\/li>\n\t\t\t\t\t\t\t\t\t\t\t\t\t\t\t<\/ul>\n\t\t\t<\/div>\n\t\t<\/div>\n\t\n\t\t\t<div class=\"service-item-cta\">\n\t\t\t<div class=\"general-container\">\n\t\t\t\t<div class=\"service-item-cta__block\">\n\t\t\t\t\t\t\t\t\t\t\t<h4 class=\"service-item-cta__title\">\n\t\t\t\t\t\t\tContact us for more information\t\t\t\t\t\t<\/h4>\n\t\t\t\t\t\t\t\t\t\t<div class=\"service-item-cta__row\">\n\t\t\t\t\t\t<div class=\"contacts\">\n\t\t\t\t\t\t\t\t\t\t\t\t\t\t\t<div class=\"contacts-link contacts-link--phone\">\n\t\t\t\t\t\t\t\t\t<a href=\"tel:+37052125807\">\n\t\t\t\t\t\t\t\t\t\t<img loading=\"lazy\" decoding=\"async\" src=\"https:\/\/prd.estravel.lt\/wp-content\/themes\/estravel\/images\/phone-white.svg\" width=\"46\" height=\"47\" alt=\"phone\">\n\t\t\t\t\t\t\t\t\t\t+370 5 212 58 07\t\t\t\t\t\t\t\t\t<\/a>\n\t\t\t\t\t\t\t\t<\/div>\n\t\t\t\t\t\t\t\n\t\t\t\t\t\t\t\t\t\t\t\t\t\t\t<div class=\"contacts-link contacts-link--phone\">\n\t\t\t\t\t\t\t\t\t<a target=\"_blank\" href=\"mailto:%3C?php%20echo%20antispambot($email);%20?%3E\">\n\t\t\t\t\t\t\t\t\t\t<img loading=\"lazy\" decoding=\"async\" src=\"https:\/\/prd.estravel.lt\/wp-content\/themes\/estravel\/images\/email-white.svg\" width=\"46\" height=\"47\" alt=\"email\">\n\t\t\t\t\t\t\t\t\t\tcorporate@estravel.lt\t\t\t\t\t\t\t\t\t<\/a>\n\t\t\t\t\t\t\t\t<\/div>\n\t\t\t\t\t\t\t\t\t\t\t\t\t<\/div>\n\n\t\t\t\t\t\t\t\t\t\t\t<\/div>\n\t\t\t\t<\/div>\n\t\t\t<\/div>\n\t\t<\/div>\n\t<\/section>\n\r\n<section class=\"banner web-section banner-15735 tw-box-border is-full-width-content align wp-block-acf-banner\" id=\"banner\">\r\n    <div class=\"overlay\"><\/div>\r\n\r\n            <img loading=\"lazy\" decoding=\"async\" width=\"1440\" height=\"545\" src=\"https:\/\/prd.estravel.lt\/wp-content\/uploads\/2025\/10\/httpswww.estravel.ltkelioniu-patarimaiestravel-verslo-klientams-tarnybiniu-kelioniu-planuotojams-ypatingas-renginys-klaipedoje-9.png\" class=\"bg-image\" alt=\"Estravel kelioni\u0173 agent\u016bra\" srcset=\"https:\/\/prd.estravel.lt\/wp-content\/uploads\/2025\/10\/httpswww.estravel.ltkelioniu-patarimaiestravel-verslo-klientams-tarnybiniu-kelioniu-planuotojams-ypatingas-renginys-klaipedoje-9.png 1440w, https:\/\/prd.estravel.lt\/wp-content\/uploads\/2025\/10\/httpswww.estravel.ltkelioniu-patarimaiestravel-verslo-klientams-tarnybiniu-kelioniu-planuotojams-ypatingas-renginys-klaipedoje-9-300x114.png 300w, https:\/\/prd.estravel.lt\/wp-content\/uploads\/2025\/10\/httpswww.estravel.ltkelioniu-patarimaiestravel-verslo-klientams-tarnybiniu-kelioniu-planuotojams-ypatingas-renginys-klaipedoje-9-1024x388.png 1024w, https:\/\/prd.estravel.lt\/wp-content\/uploads\/2025\/10\/httpswww.estravel.ltkelioniu-patarimaiestravel-verslo-klientams-tarnybiniu-kelioniu-planuotojams-ypatingas-renginys-klaipedoje-9-768x291.png 768w, https:\/\/prd.estravel.lt\/wp-content\/uploads\/2025\/10\/httpswww.estravel.ltkelioniu-patarimaiestravel-verslo-klientams-tarnybiniu-kelioniu-planuotojams-ypatingas-renginys-klaipedoje-9-600x227.png 600w\" sizes=\"auto, (max-width: 1440px) 100vw, 1440px\" \/>    \r\n    <div class=\"general-container tw-w-full\">\r\n        <div class=\"tw-relative tw-z-[1]\">\r\n                            <ul class=\"labels\">\r\n                                                                        <li><span>Patarimai<\/span><\/li>\r\n                                                                                                <li><span>Verslo kelion\u0117s<\/span><\/li>\r\n                                                                                                <li><span>Naujienlai\u0161kis<\/span><\/li>\r\n                                                            <\/ul>\r\n            \r\n                            <div class=\"banner__text\">\r\n                    <h2><strong>Norintiems jausti verslo kelioni\u0173 puls\u0105<\/strong><\/h2>\n<h6><strong>Gaukite verslo kelioni\u0173 naujienas ir patarimus<\/strong><\/h6>\n<p><i>Vertingas Estravel verslo keliautoj\u0173 naujienlai\u0161kis, kuriame: skryd\u017ei\u0173 naujienos, tendencijos, \u012f\u017evalgos ir patarimai<\/i><\/p>\n                <\/div>\r\n            \r\n                            <div class=\"banner__button\">\r\n                    <a class=\"button\" href=\"https:\/\/landing.mailerlite.com\/webforms\/landing\/f4a9y8\"\r\n                       target=\"_blank\">\r\n                        GAUTI VERSLO NAUJIENAS                    <\/a>\r\n                <\/div>\r\n                    <\/div>\r\n    <\/div>\r\n<\/section>\r\n","protected":false},"excerpt":{"rendered":"","protected":false},"author":1,"featured_media":15734,"parent":0,"menu_order":0,"comment_status":"closed","ping_status":"closed","template":"templates\/template-grey.php","meta":{"_acf_changed":false,"footnotes":""},"class_list":["post-15735","page","type-page","status-publish","has-post-thumbnail","hentry"],"acf":[],"yoast_head":"<!-- This site is optimized with the Yoast SEO plugin v26.0 - https:\/\/yoast.com\/wordpress\/plugins\/seo\/ -->\n<title>Business travel organization - Estravel kelioni\u0173 centras<\/title>\n<meta name=\"description\" content=\"Verslo kelioni\u0173 organizavimas - padedame tiems, kurie nori fokusuotis \u012f verslo tikslus, o ne \u012f kelioni\u0173 planavimo smulkmenas.\" \/>\n<meta name=\"robots\" content=\"noindex, follow, max-snippet:-1, max-image-preview:large, max-video-preview:-1\" \/>\n<meta property=\"og:locale\" content=\"en_US\" \/>\n<meta property=\"og:type\" content=\"article\" \/>\n<meta property=\"og:title\" content=\"Business travel organization - Estravel kelioni\u0173 centras\" \/>\n<meta property=\"og:description\" content=\"Verslo kelioni\u0173 organizavimas - padedame tiems, kurie nori fokusuotis \u012f verslo tikslus, o ne \u012f kelioni\u0173 planavimo smulkmenas.\" \/>\n<meta property=\"og:url\" content=\"https:\/\/prd.estravel.lt\/en\/business-travel-organization\/\" \/>\n<meta property=\"og:site_name\" content=\"Estravel kelioni\u0173 agent\u016bra\" \/>\n<meta property=\"article:modified_time\" content=\"2026-01-27T11:16:09+00:00\" \/>\n<meta property=\"og:image\" content=\"https:\/\/prd.estravel.lt\/wp-content\/uploads\/2025\/10\/Verslo-foto-3.jpg\" \/>\n\t<meta property=\"og:image:width\" content=\"1920\" \/>\n\t<meta property=\"og:image:height\" content=\"1080\" \/>\n\t<meta property=\"og:image:type\" content=\"image\/jpeg\" \/>\n<meta name=\"twitter:card\" content=\"summary_large_image\" \/>\n<script type=\"application\/ld+json\" class=\"yoast-schema-graph\">{\"@context\":\"https:\/\/schema.org\",\"@graph\":[{\"@type\":\"WebPage\",\"@id\":\"https:\/\/prd.estravel.lt\/en\/business-travel-organization\/\",\"url\":\"https:\/\/prd.estravel.lt\/en\/business-travel-organization\/\",\"name\":\"Business travel organization - Estravel kelioni\u0173 centras\",\"isPartOf\":{\"@id\":\"https:\/\/prd.estravel.lt\/en\/#website\"},\"primaryImageOfPage\":{\"@id\":\"https:\/\/prd.estravel.lt\/en\/business-travel-organization\/#primaryimage\"},\"image\":{\"@id\":\"https:\/\/prd.estravel.lt\/en\/business-travel-organization\/#primaryimage\"},\"thumbnailUrl\":\"https:\/\/prd.estravel.lt\/wp-content\/uploads\/2025\/10\/Verslo-foto-3.jpg\",\"datePublished\":\"2025-08-02T19:19:02+00:00\",\"dateModified\":\"2026-01-27T11:16:09+00:00\",\"description\":\"Verslo kelioni\u0173 organizavimas - padedame tiems, kurie nori fokusuotis \u012f verslo tikslus, o ne \u012f kelioni\u0173 planavimo smulkmenas.\",\"breadcrumb\":{\"@id\":\"https:\/\/prd.estravel.lt\/en\/business-travel-organization\/#breadcrumb\"},\"inLanguage\":\"en-US\",\"potentialAction\":[{\"@type\":\"ReadAction\",\"target\":[\"https:\/\/prd.estravel.lt\/en\/business-travel-organization\/\"]}]},{\"@type\":\"ImageObject\",\"inLanguage\":\"en-US\",\"@id\":\"https:\/\/prd.estravel.lt\/en\/business-travel-organization\/#primaryimage\",\"url\":\"https:\/\/prd.estravel.lt\/wp-content\/uploads\/2025\/10\/Verslo-foto-3.jpg\",\"contentUrl\":\"https:\/\/prd.estravel.lt\/wp-content\/uploads\/2025\/10\/Verslo-foto-3.jpg\",\"width\":1920,\"height\":1080,\"caption\":\"verslo kelioniu organizavimas\"},{\"@type\":\"BreadcrumbList\",\"@id\":\"https:\/\/prd.estravel.lt\/en\/business-travel-organization\/#breadcrumb\",\"itemListElement\":[{\"@type\":\"ListItem\",\"position\":1,\"name\":\"Pagrindinis puslapis\",\"item\":\"https:\/\/prd.estravel.lt\/en\/\"},{\"@type\":\"ListItem\",\"position\":2,\"name\":\"Business travel organization\"}]},{\"@type\":\"WebSite\",\"@id\":\"https:\/\/prd.estravel.lt\/en\/#website\",\"url\":\"https:\/\/prd.estravel.lt\/en\/\",\"name\":\"Estravel kelioni\u0173 agent\u016bra\",\"description\":\"did\u017eiausia kelioni\u0173 agent\u016bra Baltijos \u0161alyse.\",\"publisher\":{\"@id\":\"https:\/\/prd.estravel.lt\/en\/#organization\"},\"potentialAction\":[{\"@type\":\"SearchAction\",\"target\":{\"@type\":\"EntryPoint\",\"urlTemplate\":\"https:\/\/prd.estravel.lt\/en\/?s={search_term_string}\"},\"query-input\":{\"@type\":\"PropertyValueSpecification\",\"valueRequired\":true,\"valueName\":\"search_term_string\"}}],\"inLanguage\":\"en-US\"},{\"@type\":\"Organization\",\"@id\":\"https:\/\/prd.estravel.lt\/en\/#organization\",\"name\":\"Estravel kelioni\u0173 agent\u016bra\",\"url\":\"https:\/\/prd.estravel.lt\/en\/\",\"logo\":{\"@type\":\"ImageObject\",\"inLanguage\":\"en-US\",\"@id\":\"https:\/\/prd.estravel.lt\/en\/#\/schema\/logo\/image\/\",\"url\":\"https:\/\/prd.estravel.lt\/wp-content\/uploads\/2025\/07\/Estravel-Logo.png\",\"contentUrl\":\"https:\/\/prd.estravel.lt\/wp-content\/uploads\/2025\/07\/Estravel-Logo.png\",\"width\":183,\"height\":54,\"caption\":\"Estravel kelioni\u0173 agent\u016bra\"},\"image\":{\"@id\":\"https:\/\/prd.estravel.lt\/en\/#\/schema\/logo\/image\/\"}}]}<\/script>\n<!-- \/ Yoast SEO plugin. -->","yoast_head_json":{"title":"Business travel organization - Estravel kelioni\u0173 centras","description":"Verslo kelioni\u0173 organizavimas - padedame tiems, kurie nori fokusuotis \u012f verslo tikslus, o ne \u012f kelioni\u0173 planavimo smulkmenas.","robots":{"index":"noindex","follow":"follow","max-snippet":"max-snippet:-1","max-image-preview":"max-image-preview:large","max-video-preview":"max-video-preview:-1"},"og_locale":"en_US","og_type":"article","og_title":"Business travel organization - Estravel kelioni\u0173 centras","og_description":"Verslo kelioni\u0173 organizavimas - padedame tiems, kurie nori fokusuotis \u012f verslo tikslus, o ne \u012f kelioni\u0173 planavimo smulkmenas.","og_url":"https:\/\/prd.estravel.lt\/en\/business-travel-organization\/","og_site_name":"Estravel kelioni\u0173 agent\u016bra","article_modified_time":"2026-01-27T11:16:09+00:00","og_image":[{"width":1920,"height":1080,"url":"https:\/\/prd.estravel.lt\/wp-content\/uploads\/2025\/10\/Verslo-foto-3.jpg","type":"image\/jpeg"}],"twitter_card":"summary_large_image","schema":{"@context":"https:\/\/schema.org","@graph":[{"@type":"WebPage","@id":"https:\/\/prd.estravel.lt\/en\/business-travel-organization\/","url":"https:\/\/prd.estravel.lt\/en\/business-travel-organization\/","name":"Business travel organization - Estravel kelioni\u0173 centras","isPartOf":{"@id":"https:\/\/prd.estravel.lt\/en\/#website"},"primaryImageOfPage":{"@id":"https:\/\/prd.estravel.lt\/en\/business-travel-organization\/#primaryimage"},"image":{"@id":"https:\/\/prd.estravel.lt\/en\/business-travel-organization\/#primaryimage"},"thumbnailUrl":"https:\/\/prd.estravel.lt\/wp-content\/uploads\/2025\/10\/Verslo-foto-3.jpg","datePublished":"2025-08-02T19:19:02+00:00","dateModified":"2026-01-27T11:16:09+00:00","description":"Verslo kelioni\u0173 organizavimas - padedame tiems, kurie nori fokusuotis \u012f verslo tikslus, o ne \u012f kelioni\u0173 planavimo smulkmenas.","breadcrumb":{"@id":"https:\/\/prd.estravel.lt\/en\/business-travel-organization\/#breadcrumb"},"inLanguage":"en-US","potentialAction":[{"@type":"ReadAction","target":["https:\/\/prd.estravel.lt\/en\/business-travel-organization\/"]}]},{"@type":"ImageObject","inLanguage":"en-US","@id":"https:\/\/prd.estravel.lt\/en\/business-travel-organization\/#primaryimage","url":"https:\/\/prd.estravel.lt\/wp-content\/uploads\/2025\/10\/Verslo-foto-3.jpg","contentUrl":"https:\/\/prd.estravel.lt\/wp-content\/uploads\/2025\/10\/Verslo-foto-3.jpg","width":1920,"height":1080,"caption":"verslo kelioniu organizavimas"},{"@type":"BreadcrumbList","@id":"https:\/\/prd.estravel.lt\/en\/business-travel-organization\/#breadcrumb","itemListElement":[{"@type":"ListItem","position":1,"name":"Pagrindinis puslapis","item":"https:\/\/prd.estravel.lt\/en\/"},{"@type":"ListItem","position":2,"name":"Business travel organization"}]},{"@type":"WebSite","@id":"https:\/\/prd.estravel.lt\/en\/#website","url":"https:\/\/prd.estravel.lt\/en\/","name":"Estravel kelioni\u0173 agent\u016bra","description":"did\u017eiausia kelioni\u0173 agent\u016bra Baltijos \u0161alyse.","publisher":{"@id":"https:\/\/prd.estravel.lt\/en\/#organization"},"potentialAction":[{"@type":"SearchAction","target":{"@type":"EntryPoint","urlTemplate":"https:\/\/prd.estravel.lt\/en\/?s={search_term_string}"},"query-input":{"@type":"PropertyValueSpecification","valueRequired":true,"valueName":"search_term_string"}}],"inLanguage":"en-US"},{"@type":"Organization","@id":"https:\/\/prd.estravel.lt\/en\/#organization","name":"Estravel kelioni\u0173 agent\u016bra","url":"https:\/\/prd.estravel.lt\/en\/","logo":{"@type":"ImageObject","inLanguage":"en-US","@id":"https:\/\/prd.estravel.lt\/en\/#\/schema\/logo\/image\/","url":"https:\/\/prd.estravel.lt\/wp-content\/uploads\/2025\/07\/Estravel-Logo.png","contentUrl":"https:\/\/prd.estravel.lt\/wp-content\/uploads\/2025\/07\/Estravel-Logo.png","width":183,"height":54,"caption":"Estravel kelioni\u0173 agent\u016bra"},"image":{"@id":"https:\/\/prd.estravel.lt\/en\/#\/schema\/logo\/image\/"}}]}},"_links":{"self":[{"href":"https:\/\/prd.estravel.lt\/en\/wp-json\/wp\/v2\/pages\/15735","targetHints":{"allow":["GET"]}}],"collection":[{"href":"https:\/\/prd.estravel.lt\/en\/wp-json\/wp\/v2\/pages"}],"about":[{"href":"https:\/\/prd.estravel.lt\/en\/wp-json\/wp\/v2\/types\/page"}],"author":[{"embeddable":true,"href":"https:\/\/prd.estravel.lt\/en\/wp-json\/wp\/v2\/users\/1"}],"replies":[{"embeddable":true,"href":"https:\/\/prd.estravel.lt\/en\/wp-json\/wp\/v2\/comments?post=15735"}],"version-history":[{"count":1,"href":"https:\/\/prd.estravel.lt\/en\/wp-json\/wp\/v2\/pages\/15735\/revisions"}],"predecessor-version":[{"id":15736,"href":"https:\/\/prd.estravel.lt\/en\/wp-json\/wp\/v2\/pages\/15735\/revisions\/15736"}],"wp:featuredmedia":[{"embeddable":true,"href":"https:\/\/prd.estravel.lt\/en\/wp-json\/wp\/v2\/media\/15734"}],"wp:attachment":[{"href":"https:\/\/prd.estravel.lt\/en\/wp-json\/wp\/v2\/media?parent=15735"}],"curies":[{"name":"wp","href":"https:\/\/api.w.org\/{rel}","templated":true}]}}