{"id":15759,"date":"2025-11-12T16:16:04","date_gmt":"2025-11-12T14:16:04","guid":{"rendered":"https:\/\/prd.estravel.lt\/paskutines-minutes-keliones\/"},"modified":"2026-01-27T14:34:34","modified_gmt":"2026-01-27T11:34:34","slug":"paskutines-minutes-keliones","status":"publish","type":"page","link":"https:\/\/prd.estravel.lt\/en\/paskutines-minutes-keliones\/","title":{"rendered":"Last minute"},"content":{"rendered":"\n\t<style>\n\t\t\/* Pre-init state: show only first slide until Slick is ready *\/\n\t\t.main-slider-15759 .main-slider__container:not(.is-ready) {\n\t\t\toverflow: hidden;\n\t\t}\n\n\t\t.main-slider-15759 .main-slider__container:not(.is-ready) .slider-item {\n\t\t\tdisplay: none !important;\n\t\t}\n\n\t\t.main-slider-15759 .main-slider__container:not(.is-ready) .slider-item:first-child {\n\t\t\tdisplay: flex !important;\n\t\t\twidth: 100%;\n\t\t}\n\t<\/style>\n\n\t<section class=\"main-slider main-slider- is-full-width-content tw-w-full main-slider-15759 align wp-block-acf-slider\" id=\"main-slider\">\n\t\t<div class=\"main-slider__container\">\n\t\t\t\t\t\t\t\t\t\t\t<div class=\"slider-item tw-relative tw-w-full tw-flex tw-justify-center tw-overflow-visible\">\n\t\t\t\t\t<div class=\"slider-item__inner tw-relative tw-w-full tw-overflow-hidden tw-rounded-b-[60px] tw-min-h-[350px] md:tw-min-h-0 tw-flex tw-items-center md:tw-block\">\n\n\t\t\t\t\t\t<img loading=\"lazy\" decoding=\"async\" width=\"1440\" height=\"292\" src=\"https:\/\/prd.estravel.lt\/wp-content\/uploads\/2025\/12\/2-3-aspect-ratio-1440-292.jpg\" class=\"slider-item__image tw-block tw-w-full tw-h-full tw-object-cover tw-absolute tw-inset-0 md:tw-static md:tw-inset-auto md:tw-h-auto\" alt=\"Estravel kelioni\u0173 agent\u016bra\" srcset=\"https:\/\/prd.estravel.lt\/wp-content\/uploads\/2025\/12\/2-3-aspect-ratio-1440-292.jpg 1440w, https:\/\/prd.estravel.lt\/wp-content\/uploads\/2025\/12\/2-3-aspect-ratio-1440-292-300x61.jpg 300w, https:\/\/prd.estravel.lt\/wp-content\/uploads\/2025\/12\/2-3-aspect-ratio-1440-292-1024x208.jpg 1024w, https:\/\/prd.estravel.lt\/wp-content\/uploads\/2025\/12\/2-3-aspect-ratio-1440-292-768x156.jpg 768w, https:\/\/prd.estravel.lt\/wp-content\/uploads\/2025\/12\/2-3-aspect-ratio-1440-292-600x122.jpg 600w\" sizes=\"auto, (max-width: 1440px) 100vw, 1440px\" \/>\n\t\t\t\t\t\t<!-- Overlay -->\n\t\t\t\t\t\t<div class=\"tw-absolute tw-inset-0 tw-z-[1] tw-rounded-b-[60px] tw-w-full tw-h-full tw-pointer-events-none tw-mix-blend-multiply\n            tw-bg-[linear-gradient(90.17deg,_rgb(75_141_219_\/_70%)_23.16%,_rgba(15,87,173,0)_99.85%)]\"><\/div>\n\n\t\t\t\t\t\t\n\t\t\t\t\t\t<div class=\"tw-relative tw-z-[2] tw-flex tw-items-center tw-py-10 md:tw-absolute md:tw-inset-0 md:tw-z-[2] md:tw-py-0 md:tw-flex md:tw-items-center\">\n\t\t\t\t\t\t\t<div class=\"general-container tw-w-full\">\n\t\t\t\t\t\t\t\t<div class=\"slider-item__content tw-w-full\">\n\t\t\t\t\t\t\t\t\t\n\t\t\t\t\t\t\t\t\t\t\t\t\t\t\t\t\t\t\t<div class=\"slider-item__text md:tw-max-w-[75ch] tw-p-0\">\n\t\t\t\t\t\t\t\t\t\t\t<h2><b>Last minute<\/b><\/h2>\n\t\t\t\t\t\t\t\t\t\t<\/div>\n\t\t\t\t\t\t\t\t\t\n\t\t\t\t\t\t\t\t\t\t\t\t\t\t\t\t\t<\/div><!-- \/.slider-item__content -->\n\t\t\t\t\t\t\t<\/div><!-- \/.general-container -->\n\t\t\t\t\t\t<\/div><!-- \/.text wrapper -->\n\n\t\t\t\t\t<\/div><!-- \/.slider-item__inner -->\n\t\t\t\t<\/div><!-- \/.slider-item -->\n\t\t\t\t\t<\/div>\n\t<\/section>\n\n<section class=\"page-info page-info-15759 is-full-width-content align wp-block-acf-page-info\" id=\"page-info\">\n\t<div class=\"page-info__top main-content-layout\">\n\t\t\t\t\t<div class=\"page-info__text estravel-wysiwyg-editor tw-trim-edges is-medium-width-content\">\n\t\t\t\t<div class=\"tw-max-w-[700px]\">\n\t\t\t\t\t<p style=\"text-align: justify;\"><b>Paskutin\u0117s minut\u0117s kelion\u0117s<\/b><span style=\"font-weight: 400;\"> \u2013 tai geriausias sprendimas tiems, kurie gali i\u0161vykti keleto dien\u0173 b\u0117gyje ir nori rasti pa\u010dius pigiausius kelioni\u0173 variantus. Dirbdami su daugybe tiek\u0117j\u0173, nuolat stebime ir atnaujiname \u017eemiau pateiktus pasi\u016blymus Europoje ir tolimesn\u0117se \u0161alyse, tod\u0117l Jums telieka susikrauti lagaminus ir m\u0117gautis saul\u0117tu poilsiu.<\/span><\/p>\n<h5 style=\"text-align: justify;\"><b>Paskutin\u0117s minut\u0117s keliones galite rinktis su skryd\u017eiais i\u0161:<\/b><\/h5>\n<ul style=\"text-align: justify;\">\n<li style=\"font-weight: 400;\" aria-level=\"1\"><b>Vilniaus. <\/b><span style=\"font-weight: 400;\">Patogiausias pasirinkimas tiems, kurie nori i\u0161vykti i\u0161 Lietuvos \u012f tokias populiarias poilsines kryptis kaip Turkija, Egiptas, Tunisas, Ispanija, Kanar\u0173 salos ar pan.<\/span><\/li>\n<li style=\"font-weight: 400;\" aria-level=\"1\"><b>Var\u0161uvos.<\/b><span style=\"font-weight: 400;\"> Didesnis egzoti\u0161k\u0173 kryp\u010di\u0173 pasirinkimas patogiais skryd\u017eiais tokiomis kryptimis kaip \u017daliasis Ky\u0161ulys, Mauricijus, Brazilija ir kt. Taip pat tur\u0117site galimyb\u0119 papildomai pa\u017einti Lenkijos sostin\u0119, jeigu bent dien\u0105 prie\u0161 atvyksite arba liksite po kelion\u0117s.<\/span><\/li>\n<\/ul>\n<p style=\"text-align: justify;\"><b>Kod\u0117l verta rinktis paskutin\u0117s minut\u0117s keliones?<\/b><\/p>\n\t\t\t\t<\/div>\n\t\t\t<\/div>\n\t\t\n\t\t\t\t\t<div class=\"is-medium-width-content\">\n\t\t\t\t<div class=\"blocks-list tw-mt-[40px]\">\n\t\t\t\t\t\t\t\t\t\t\t<div class=\"block-item\">\n\t\t\t\t\t\t\t\t\t\t\t\t\t\t\t<img loading=\"lazy\" decoding=\"async\" width=\"40\" height=\"40\" src=\"https:\/\/prd.estravel.lt\/wp-content\/uploads\/2025\/11\/5-5.png\" class=\"block-item__image\" alt=\"Estravel kelioni\u0173 agent\u016bra\" srcset=\"https:\/\/prd.estravel.lt\/wp-content\/uploads\/2025\/11\/5-5.png 40w, https:\/\/prd.estravel.lt\/wp-content\/uploads\/2025\/11\/5-5-10x10.png 10w\" sizes=\"auto, (max-width: 40px) 100vw, 40px\" \/>\t\t\t\t\t\t\t\n\t\t\t\t\t\t\t\t\t\t\t\t\t\t\t<h5 class=\"block-item__title\">\n\t\t\t\t\t\t\t\t\tGera kaina\t\t\t\t\t\t\t\t<\/h5>\n\t\t\t\t\t\t\t\n\t\t\t\t\t\t\t\t\t\t\t\t\t\t\t<p class=\"block-item__text\">\n\t\t\t\t\t\t\t\t\tKainuoja pigiau, nes vietos parduodamos likus nedaug laiko iki i\u0161vykimo, bet ilsit\u0117s tuose pa\u010diuose kokybi\u0161kuose kurortuose.\t\t\t\t\t\t\t\t<\/p>\n\t\t\t\t\t\t\t\t\t\t\t\t\t<\/div>\n\t\t\t\t\t\t\t\t\t\t\t<div class=\"block-item\">\n\t\t\t\t\t\t\t\t\t\t\t\t\t\t\t<img loading=\"lazy\" decoding=\"async\" width=\"40\" height=\"40\" src=\"https:\/\/prd.estravel.lt\/wp-content\/uploads\/2025\/11\/2-8.png\" class=\"block-item__image\" alt=\"Estravel kelioni\u0173 agent\u016bra\" srcset=\"https:\/\/prd.estravel.lt\/wp-content\/uploads\/2025\/11\/2-8.png 40w, https:\/\/prd.estravel.lt\/wp-content\/uploads\/2025\/11\/2-8-10x10.png 10w\" sizes=\"auto, (max-width: 40px) 100vw, 40px\" \/>\t\t\t\t\t\t\t\n\t\t\t\t\t\t\t\t\t\t\t\t\t\t\t<h5 class=\"block-item__title\">\n\t\t\t\t\t\t\t\t\tTiesioginiai skryd\u017eiai\t\t\t\t\t\t\t\t<\/h5>\n\t\t\t\t\t\t\t\n\t\t\t\t\t\t\t\t\t\t\t\t\t\t\t<p class=\"block-item__text\">\n\t\t\t\t\t\t\t\t\tPasieksite savo pasirinkt\u0105 poilsio krypt\u012f patogiai ir be ilg\u0173 pers\u0117dim\u0173.\t\t\t\t\t\t\t\t<\/p>\n\t\t\t\t\t\t\t\t\t\t\t\t\t<\/div>\n\t\t\t\t\t\t\t\t\t\t\t<div class=\"block-item\">\n\t\t\t\t\t\t\t\t\t\t\t\t\t\t\t<img loading=\"lazy\" decoding=\"async\" width=\"40\" height=\"40\" src=\"https:\/\/prd.estravel.lt\/wp-content\/uploads\/2025\/11\/3-8.png\" class=\"block-item__image\" alt=\"Estravel kelioni\u0173 agent\u016bra\" srcset=\"https:\/\/prd.estravel.lt\/wp-content\/uploads\/2025\/11\/3-8.png 40w, https:\/\/prd.estravel.lt\/wp-content\/uploads\/2025\/11\/3-8-10x10.png 10w\" sizes=\"auto, (max-width: 40px) 100vw, 40px\" \/>\t\t\t\t\t\t\t\n\t\t\t\t\t\t\t\t\t\t\t\t\t\t\t<h5 class=\"block-item__title\">\n\t\t\t\t\t\t\t\t\tSpontani\u0161ki sprendimai \t\t\t\t\t\t\t\t<\/h5>\n\t\t\t\t\t\t\t\n\t\t\t\t\t\t\t\t\t\t\t\t\t\t\t<p class=\"block-item__text\">\n\t\t\t\t\t\t\t\t\tDa\u017enai b\u016btent netik\u0117ti sprendimai veda \u012f \u012fdomiausius nuotykius.\t\t\t\t\t\t\t\t<\/p>\n\t\t\t\t\t\t\t\t\t\t\t\t\t<\/div>\n\t\t\t\t\t\t\t\t\t\t\t<div class=\"block-item\">\n\t\t\t\t\t\t\t\t\t\t\t\t\t\t\t<img loading=\"lazy\" decoding=\"async\" width=\"40\" height=\"40\" src=\"https:\/\/prd.estravel.lt\/wp-content\/uploads\/2025\/11\/4-5.png\" class=\"block-item__image\" alt=\"Estravel kelioni\u0173 agent\u016bra\" srcset=\"https:\/\/prd.estravel.lt\/wp-content\/uploads\/2025\/11\/4-5.png 40w, https:\/\/prd.estravel.lt\/wp-content\/uploads\/2025\/11\/4-5-10x10.png 10w\" sizes=\"auto, (max-width: 40px) 100vw, 40px\" \/>\t\t\t\t\t\t\t\n\t\t\t\t\t\t\t\t\t\t\t\t\t\t\t<h5 class=\"block-item__title\">\n\t\t\t\t\t\t\t\t\t\u012evairiems poreikiams\t\t\t\t\t\t\t\t<\/h5>\n\t\t\t\t\t\t\t\n\t\t\t\t\t\t\t\t\t\t\t\t\t\t\t<p class=\"block-item__text\">\n\t\t\t\t\t\t\t\t\tTai puikus variantas \u0161eimoms, poroms ir solo keliautojams, kurie nori rasti pigiausi\u0105 pasi\u016blym\u0105 ar daugiau sutaupyti.\t\t\t\t\t\t\t\t<\/p>\n\t\t\t\t\t\t\t\t\t\t\t\t\t<\/div>\n\t\t\t\t\t\t\t\t\t\t\t<div class=\"block-item\">\n\t\t\t\t\t\t\t\t\t\t\t\t\t\t\t<img loading=\"lazy\" decoding=\"async\" width=\"40\" height=\"40\" src=\"https:\/\/prd.estravel.lt\/wp-content\/uploads\/2025\/11\/1-8.png\" class=\"block-item__image\" alt=\"Estravel kelioni\u0173 agent\u016bra\" srcset=\"https:\/\/prd.estravel.lt\/wp-content\/uploads\/2025\/11\/1-8.png 40w, https:\/\/prd.estravel.lt\/wp-content\/uploads\/2025\/11\/1-8-10x10.png 10w\" sizes=\"auto, (max-width: 40px) 100vw, 40px\" \/>\t\t\t\t\t\t\t\n\t\t\t\t\t\t\t\t\t\t\t\t\t\t\t<h5 class=\"block-item__title\">\n\t\t\t\t\t\t\t\t\tPlatus kryp\u010di\u0173 pasirinkimas\t\t\t\t\t\t\t\t<\/h5>\n\t\t\t\t\t\t\t\n\t\t\t\t\t\t\t\t\t\t\t\t\t\t\t<p class=\"block-item__text\">\n\t\t\t\t\t\t\t\t\tKruop\u0161\u010diai atrenkame ir nuolat atnaujiname pasi\u016blymus \u012fvairiomis kryptimis: nuo populiari\u0173 Turkijos ar Egipto kurort\u0173 iki Ispanijos, Italijos ar net egzoti\u0161k\u0173 kryp\u010di\u0173.\t\t\t\t\t\t\t\t<\/p>\n\t\t\t\t\t\t\t\t\t\t\t\t\t<\/div>\n\t\t\t\t\t\t\t\t\t\t\t<div class=\"block-item\">\n\t\t\t\t\t\t\t\t\t\t\t\t\t\t\t<img loading=\"lazy\" decoding=\"async\" width=\"40\" height=\"40\" src=\"https:\/\/prd.estravel.lt\/wp-content\/uploads\/2025\/11\/6-5.png\" class=\"block-item__image\" alt=\"Estravel kelioni\u0173 agent\u016bra\" srcset=\"https:\/\/prd.estravel.lt\/wp-content\/uploads\/2025\/11\/6-5.png 40w, https:\/\/prd.estravel.lt\/wp-content\/uploads\/2025\/11\/6-5-10x10.png 10w\" sizes=\"auto, (max-width: 40px) 100vw, 40px\" \/>\t\t\t\t\t\t\t\n\t\t\t\t\t\t\t\t\t\t\t\t\t\t\t<h5 class=\"block-item__title\">\n\t\t\t\t\t\t\t\t\tMa\u017eiau planavimo r\u016bpes\u010di\u0173\t\t\t\t\t\t\t\t<\/h5>\n\t\t\t\t\t\t\t\n\t\t\t\t\t\t\t\t\t\t\t\t\t\t\t<p class=\"block-item__text\">\n\t\t\t\t\t\t\t\t\tPasinaudodami paskutin\u0117s minut\u0117s pasi\u016blymais i\u0161vengsite kelion\u0117s planavimo r\u016bpes\u010di\u0173.\t\t\t\t\t\t\t\t<\/p>\n\t\t\t\t\t\t\t\t\t\t\t\t\t<\/div>\n\t\t\t\t\t\t\t\t\t<\/div>\n\t\t\t<\/div>\n\t\t\n\t<\/div>\n\n\t\t\t<div class=\"team-cta\">\n\t\t\t<div class=\"general-container\">\n\t\t\t\t<div class=\"team-cta__block\">\n\t\t\t\t\t\n\t\t\t\t\t\t\t\t\t\t\t<picture class=\"team-cta__image\">\n\t\t\t\t\t\t\t\t\t\t\t\t\t\t\t<source media=\"(max-width: 767px)\" srcset=\"https:\/\/prd.estravel.lt\/wp-content\/uploads\/2025\/11\/6-2.jpg\">\n\t\t\t\t\t\t\t\n\t\t\t\t\t\t\t\t\t\t\t\t\t\t\t<img\n\t\t\t\t\t\t\t\t\tsrc=\"https:\/\/prd.estravel.lt\/wp-content\/uploads\/2025\/11\/6-2.jpg\"\n\t\t\t\t\t\t\t\t\tclass=\"bg-image\"\n\t\t\t\t\t\t\t\t\talt=\"Estravel kelioni\u0173 agent\u016bra\"\n\t\t\t\t\t\t\t\t>\n\t\t\t\t\t\t\t\t\t\t\t\t\t<\/picture>\n\t\t\t\t\t\n\t\t\t\t\t\t\t\t\t\t\t<div class=\"team-cta__text\">\n\t\t\t\t\t\t\t<h3><strong>Norite individualaus pasi\u016blymo atostogoms? <\/strong><\/h3>\n<h6>Jeigu neradote tinkamos paskutin\u0117s minut\u0117s kelion\u0117s, susisiekite su <i>Estravel <\/i>kelioni\u0173 ekspertais<\/h6>\n\t\t\t\t\t\t<\/div>\n\t\t\t\t\t\n\t\t\t\t\t\t\t\t\t\t\t<div class=\"team-cta__button\">\n\t\t\t\t\t\t\t<a\n\t\t\t\t\t\t\t\tclass=\"white-button\"\n\t\t\t\t\t\t\t\thref=\"https:\/\/www.estravel.lt\/uzsakyti-kelione-estravel\/\"\n\t\t\t\t\t\t\t\ttarget=\"_blank\"\n\t\t\t\t\t\t\t>\n\t\t\t\t\t\t\t\tSUSISIEKIME\t\t\t\t\t\t\t<\/a>\n\t\t\t\t\t\t<\/div>\n\t\t\t\t\t\t\t\t\t<\/div>\n\t\t\t<\/div>\n\t\t<\/div>\n\t<\/section>\n","protected":false},"excerpt":{"rendered":"","protected":false},"author":2,"featured_media":15758,"parent":0,"menu_order":0,"comment_status":"closed","ping_status":"closed","template":"","meta":{"_acf_changed":false,"footnotes":""},"class_list":["post-15759","page","type-page","status-publish","has-post-thumbnail","hentry"],"acf":[],"yoast_head":"<!-- This site is optimized with the Yoast SEO plugin v26.0 - https:\/\/yoast.com\/wordpress\/plugins\/seo\/ -->\n<title>Paskutin\u0117s minut\u0117s kelion\u0117s | Estravel kelioni\u0173 centras<\/title>\n<meta name=\"description\" content=\"Paskutin\u0117s minut\u0117s kelion\u0117s - geriausias sprendimas kai galite i\u0161vykti keleto dien\u0173 b\u0117gyje ir nori rasti pigiausius kelioni\u0173 variantus.\" \/>\n<meta name=\"robots\" content=\"noindex, follow, max-snippet:-1, max-image-preview:large, max-video-preview:-1\" \/>\n<meta property=\"og:locale\" content=\"en_US\" \/>\n<meta property=\"og:type\" content=\"article\" \/>\n<meta property=\"og:title\" content=\"Paskutin\u0117s minut\u0117s kelion\u0117s | Estravel kelioni\u0173 centras\" \/>\n<meta property=\"og:description\" content=\"Paskutin\u0117s minut\u0117s kelion\u0117s - geriausias sprendimas kai galite i\u0161vykti keleto dien\u0173 b\u0117gyje ir nori rasti pigiausius kelioni\u0173 variantus.\" \/>\n<meta property=\"og:url\" content=\"https:\/\/prd.estravel.lt\/en\/paskutines-minutes-keliones\/\" \/>\n<meta property=\"og:site_name\" content=\"Estravel kelioni\u0173 agent\u016bra\" \/>\n<meta property=\"article:modified_time\" content=\"2026-01-27T11:34:34+00:00\" \/>\n<meta property=\"og:image\" content=\"https:\/\/prd.estravel.lt\/wp-content\/uploads\/2025\/11\/1-3.jpg\" \/>\n\t<meta property=\"og:image:width\" content=\"1440\" \/>\n\t<meta property=\"og:image:height\" content=\"617\" \/>\n\t<meta property=\"og:image:type\" content=\"image\/jpeg\" \/>\n<meta name=\"twitter:card\" content=\"summary_large_image\" \/>\n<script type=\"application\/ld+json\" class=\"yoast-schema-graph\">{\"@context\":\"https:\/\/schema.org\",\"@graph\":[{\"@type\":\"WebPage\",\"@id\":\"https:\/\/prd.estravel.lt\/en\/paskutines-minutes-keliones\/\",\"url\":\"https:\/\/prd.estravel.lt\/en\/paskutines-minutes-keliones\/\",\"name\":\"Paskutin\u0117s minut\u0117s kelion\u0117s | Estravel kelioni\u0173 centras\",\"isPartOf\":{\"@id\":\"https:\/\/prd.estravel.lt\/en\/#website\"},\"primaryImageOfPage\":{\"@id\":\"https:\/\/prd.estravel.lt\/en\/paskutines-minutes-keliones\/#primaryimage\"},\"image\":{\"@id\":\"https:\/\/prd.estravel.lt\/en\/paskutines-minutes-keliones\/#primaryimage\"},\"thumbnailUrl\":\"https:\/\/prd.estravel.lt\/wp-content\/uploads\/2025\/11\/1-3.jpg\",\"datePublished\":\"2025-11-12T14:16:04+00:00\",\"dateModified\":\"2026-01-27T11:34:34+00:00\",\"description\":\"Paskutin\u0117s minut\u0117s kelion\u0117s - geriausias sprendimas kai galite i\u0161vykti keleto dien\u0173 b\u0117gyje ir nori rasti pigiausius kelioni\u0173 variantus.\",\"breadcrumb\":{\"@id\":\"https:\/\/prd.estravel.lt\/en\/paskutines-minutes-keliones\/#breadcrumb\"},\"inLanguage\":\"en-US\",\"potentialAction\":[{\"@type\":\"ReadAction\",\"target\":[\"https:\/\/prd.estravel.lt\/en\/paskutines-minutes-keliones\/\"]}]},{\"@type\":\"ImageObject\",\"inLanguage\":\"en-US\",\"@id\":\"https:\/\/prd.estravel.lt\/en\/paskutines-minutes-keliones\/#primaryimage\",\"url\":\"https:\/\/prd.estravel.lt\/wp-content\/uploads\/2025\/11\/1-3.jpg\",\"contentUrl\":\"https:\/\/prd.estravel.lt\/wp-content\/uploads\/2025\/11\/1-3.jpg\",\"width\":1440,\"height\":617},{\"@type\":\"BreadcrumbList\",\"@id\":\"https:\/\/prd.estravel.lt\/en\/paskutines-minutes-keliones\/#breadcrumb\",\"itemListElement\":[{\"@type\":\"ListItem\",\"position\":1,\"name\":\"Pagrindinis puslapis\",\"item\":\"https:\/\/prd.estravel.lt\/en\/\"},{\"@type\":\"ListItem\",\"position\":2,\"name\":\"Last minute\"}]},{\"@type\":\"WebSite\",\"@id\":\"https:\/\/prd.estravel.lt\/en\/#website\",\"url\":\"https:\/\/prd.estravel.lt\/en\/\",\"name\":\"Estravel kelioni\u0173 agent\u016bra\",\"description\":\"did\u017eiausia kelioni\u0173 agent\u016bra Baltijos \u0161alyse.\",\"publisher\":{\"@id\":\"https:\/\/prd.estravel.lt\/en\/#organization\"},\"potentialAction\":[{\"@type\":\"SearchAction\",\"target\":{\"@type\":\"EntryPoint\",\"urlTemplate\":\"https:\/\/prd.estravel.lt\/en\/?s={search_term_string}\"},\"query-input\":{\"@type\":\"PropertyValueSpecification\",\"valueRequired\":true,\"valueName\":\"search_term_string\"}}],\"inLanguage\":\"en-US\"},{\"@type\":\"Organization\",\"@id\":\"https:\/\/prd.estravel.lt\/en\/#organization\",\"name\":\"Estravel kelioni\u0173 agent\u016bra\",\"url\":\"https:\/\/prd.estravel.lt\/en\/\",\"logo\":{\"@type\":\"ImageObject\",\"inLanguage\":\"en-US\",\"@id\":\"https:\/\/prd.estravel.lt\/en\/#\/schema\/logo\/image\/\",\"url\":\"https:\/\/prd.estravel.lt\/wp-content\/uploads\/2025\/07\/Estravel-Logo.png\",\"contentUrl\":\"https:\/\/prd.estravel.lt\/wp-content\/uploads\/2025\/07\/Estravel-Logo.png\",\"width\":183,\"height\":54,\"caption\":\"Estravel kelioni\u0173 agent\u016bra\"},\"image\":{\"@id\":\"https:\/\/prd.estravel.lt\/en\/#\/schema\/logo\/image\/\"}}]}<\/script>\n<!-- \/ Yoast SEO plugin. -->","yoast_head_json":{"title":"Paskutin\u0117s minut\u0117s kelion\u0117s | Estravel kelioni\u0173 centras","description":"Paskutin\u0117s minut\u0117s kelion\u0117s - geriausias sprendimas kai galite i\u0161vykti keleto dien\u0173 b\u0117gyje ir nori rasti pigiausius kelioni\u0173 variantus.","robots":{"index":"noindex","follow":"follow","max-snippet":"max-snippet:-1","max-image-preview":"max-image-preview:large","max-video-preview":"max-video-preview:-1"},"og_locale":"en_US","og_type":"article","og_title":"Paskutin\u0117s minut\u0117s kelion\u0117s | Estravel kelioni\u0173 centras","og_description":"Paskutin\u0117s minut\u0117s kelion\u0117s - geriausias sprendimas kai galite i\u0161vykti keleto dien\u0173 b\u0117gyje ir nori rasti pigiausius kelioni\u0173 variantus.","og_url":"https:\/\/prd.estravel.lt\/en\/paskutines-minutes-keliones\/","og_site_name":"Estravel kelioni\u0173 agent\u016bra","article_modified_time":"2026-01-27T11:34:34+00:00","og_image":[{"width":1440,"height":617,"url":"https:\/\/prd.estravel.lt\/wp-content\/uploads\/2025\/11\/1-3.jpg","type":"image\/jpeg"}],"twitter_card":"summary_large_image","schema":{"@context":"https:\/\/schema.org","@graph":[{"@type":"WebPage","@id":"https:\/\/prd.estravel.lt\/en\/paskutines-minutes-keliones\/","url":"https:\/\/prd.estravel.lt\/en\/paskutines-minutes-keliones\/","name":"Paskutin\u0117s minut\u0117s kelion\u0117s | Estravel kelioni\u0173 centras","isPartOf":{"@id":"https:\/\/prd.estravel.lt\/en\/#website"},"primaryImageOfPage":{"@id":"https:\/\/prd.estravel.lt\/en\/paskutines-minutes-keliones\/#primaryimage"},"image":{"@id":"https:\/\/prd.estravel.lt\/en\/paskutines-minutes-keliones\/#primaryimage"},"thumbnailUrl":"https:\/\/prd.estravel.lt\/wp-content\/uploads\/2025\/11\/1-3.jpg","datePublished":"2025-11-12T14:16:04+00:00","dateModified":"2026-01-27T11:34:34+00:00","description":"Paskutin\u0117s minut\u0117s kelion\u0117s - geriausias sprendimas kai galite i\u0161vykti keleto dien\u0173 b\u0117gyje ir nori rasti pigiausius kelioni\u0173 variantus.","breadcrumb":{"@id":"https:\/\/prd.estravel.lt\/en\/paskutines-minutes-keliones\/#breadcrumb"},"inLanguage":"en-US","potentialAction":[{"@type":"ReadAction","target":["https:\/\/prd.estravel.lt\/en\/paskutines-minutes-keliones\/"]}]},{"@type":"ImageObject","inLanguage":"en-US","@id":"https:\/\/prd.estravel.lt\/en\/paskutines-minutes-keliones\/#primaryimage","url":"https:\/\/prd.estravel.lt\/wp-content\/uploads\/2025\/11\/1-3.jpg","contentUrl":"https:\/\/prd.estravel.lt\/wp-content\/uploads\/2025\/11\/1-3.jpg","width":1440,"height":617},{"@type":"BreadcrumbList","@id":"https:\/\/prd.estravel.lt\/en\/paskutines-minutes-keliones\/#breadcrumb","itemListElement":[{"@type":"ListItem","position":1,"name":"Pagrindinis puslapis","item":"https:\/\/prd.estravel.lt\/en\/"},{"@type":"ListItem","position":2,"name":"Last minute"}]},{"@type":"WebSite","@id":"https:\/\/prd.estravel.lt\/en\/#website","url":"https:\/\/prd.estravel.lt\/en\/","name":"Estravel kelioni\u0173 agent\u016bra","description":"did\u017eiausia kelioni\u0173 agent\u016bra Baltijos \u0161alyse.","publisher":{"@id":"https:\/\/prd.estravel.lt\/en\/#organization"},"potentialAction":[{"@type":"SearchAction","target":{"@type":"EntryPoint","urlTemplate":"https:\/\/prd.estravel.lt\/en\/?s={search_term_string}"},"query-input":{"@type":"PropertyValueSpecification","valueRequired":true,"valueName":"search_term_string"}}],"inLanguage":"en-US"},{"@type":"Organization","@id":"https:\/\/prd.estravel.lt\/en\/#organization","name":"Estravel kelioni\u0173 agent\u016bra","url":"https:\/\/prd.estravel.lt\/en\/","logo":{"@type":"ImageObject","inLanguage":"en-US","@id":"https:\/\/prd.estravel.lt\/en\/#\/schema\/logo\/image\/","url":"https:\/\/prd.estravel.lt\/wp-content\/uploads\/2025\/07\/Estravel-Logo.png","contentUrl":"https:\/\/prd.estravel.lt\/wp-content\/uploads\/2025\/07\/Estravel-Logo.png","width":183,"height":54,"caption":"Estravel kelioni\u0173 agent\u016bra"},"image":{"@id":"https:\/\/prd.estravel.lt\/en\/#\/schema\/logo\/image\/"}}]}},"_links":{"self":[{"href":"https:\/\/prd.estravel.lt\/en\/wp-json\/wp\/v2\/pages\/15759","targetHints":{"allow":["GET"]}}],"collection":[{"href":"https:\/\/prd.estravel.lt\/en\/wp-json\/wp\/v2\/pages"}],"about":[{"href":"https:\/\/prd.estravel.lt\/en\/wp-json\/wp\/v2\/types\/page"}],"author":[{"embeddable":true,"href":"https:\/\/prd.estravel.lt\/en\/wp-json\/wp\/v2\/users\/2"}],"replies":[{"embeddable":true,"href":"https:\/\/prd.estravel.lt\/en\/wp-json\/wp\/v2\/comments?post=15759"}],"version-history":[{"count":3,"href":"https:\/\/prd.estravel.lt\/en\/wp-json\/wp\/v2\/pages\/15759\/revisions"}],"predecessor-version":[{"id":15770,"href":"https:\/\/prd.estravel.lt\/en\/wp-json\/wp\/v2\/pages\/15759\/revisions\/15770"}],"wp:featuredmedia":[{"embeddable":true,"href":"https:\/\/prd.estravel.lt\/en\/wp-json\/wp\/v2\/media\/15758"}],"wp:attachment":[{"href":"https:\/\/prd.estravel.lt\/en\/wp-json\/wp\/v2\/media?parent=15759"}],"curies":[{"name":"wp","href":"https:\/\/api.w.org\/{rel}","templated":true}]}}