{"id":15782,"date":"2025-11-17T21:22:05","date_gmt":"2025-11-17T18:22:05","guid":{"rendered":"https:\/\/prd.estravel.lt\/contacts\/"},"modified":"2026-01-27T15:00:47","modified_gmt":"2026-01-27T12:00:47","slug":"contacts","status":"publish","type":"page","link":"https:\/\/prd.estravel.lt\/en\/contacts\/","title":{"rendered":"Contacts"},"content":{"rendered":"\n\t<style>\n\t\t\/* Pre-init state: show only first slide until Slick is ready *\/\n\t\t.main-slider-15782 .main-slider__container:not(.is-ready) {\n\t\t\toverflow: hidden;\n\t\t}\n\n\t\t.main-slider-15782 .main-slider__container:not(.is-ready) .slider-item {\n\t\t\tdisplay: none !important;\n\t\t}\n\n\t\t.main-slider-15782 .main-slider__container:not(.is-ready) .slider-item:first-child {\n\t\t\tdisplay: flex !important;\n\t\t\twidth: 100%;\n\t\t}\n\t<\/style>\n\n\t<section class=\"main-slider main-slider- is-full-width-content tw-w-full main-slider-15782 align wp-block-acf-slider\" id=\"main-slider\">\n\t\t<div class=\"main-slider__container\">\n\t\t\t\t\t\t\t\t\t\t\t<div class=\"slider-item tw-relative tw-w-full tw-flex tw-justify-center tw-overflow-visible\">\n\t\t\t\t\t<div class=\"slider-item__inner tw-relative tw-w-full tw-overflow-hidden tw-rounded-b-[60px] tw-min-h-[350px] md:tw-min-h-0 tw-flex tw-items-center md:tw-block\">\n\n\t\t\t\t\t\t<img loading=\"lazy\" decoding=\"async\" width=\"1061\" height=\"473\" src=\"https:\/\/prd.estravel.lt\/wp-content\/uploads\/2025\/11\/Partneriams.jpg\" class=\"slider-item__image tw-block tw-w-full tw-h-full tw-object-cover tw-absolute tw-inset-0 md:tw-static md:tw-inset-auto md:tw-h-auto\" alt=\"Estravel kelioni\u0173 agent\u016bra\" srcset=\"https:\/\/prd.estravel.lt\/wp-content\/uploads\/2025\/11\/Partneriams.jpg 1061w, https:\/\/prd.estravel.lt\/wp-content\/uploads\/2025\/11\/Partneriams-300x134.jpg 300w, https:\/\/prd.estravel.lt\/wp-content\/uploads\/2025\/11\/Partneriams-1024x457.jpg 1024w, https:\/\/prd.estravel.lt\/wp-content\/uploads\/2025\/11\/Partneriams-768x342.jpg 768w, https:\/\/prd.estravel.lt\/wp-content\/uploads\/2025\/11\/Partneriams-600x267.jpg 600w\" sizes=\"auto, (max-width: 1061px) 100vw, 1061px\" \/>\n\t\t\t\t\t\t<!-- Overlay -->\n\t\t\t\t\t\t<div class=\"tw-absolute tw-inset-0 tw-z-[1] tw-rounded-b-[60px] tw-w-full tw-h-full tw-pointer-events-none tw-mix-blend-multiply\n            tw-bg-[linear-gradient(90.17deg,_rgb(75_141_219_\/_70%)_23.16%,_rgba(15,87,173,0)_99.85%)]\"><\/div>\n\n\t\t\t\t\t\t\n\t\t\t\t\t\t<div class=\"tw-relative tw-z-[2] tw-flex tw-items-center tw-py-10 md:tw-absolute md:tw-inset-0 md:tw-z-[2] md:tw-py-0 md:tw-flex md:tw-items-center\">\n\t\t\t\t\t\t\t<div class=\"general-container tw-w-full\">\n\t\t\t\t\t\t\t\t<div class=\"slider-item__content tw-w-full\">\n\t\t\t\t\t\t\t\t\t\n\t\t\t\t\t\t\t\t\t\t\t\t\t\t\t\t\t\t\t<div class=\"slider-item__text md:tw-max-w-[75ch] tw-p-0\">\n\t\t\t\t\t\t\t\t\t\t\t<h2><strong>Kontaktai ir rekvizitai<\/strong><\/h2>\n<h6><span style=\"font-weight: 400;\">Kur mus rasti ir kaip mus pasiekti<\/span><\/h6>\n\t\t\t\t\t\t\t\t\t\t<\/div>\n\t\t\t\t\t\t\t\t\t\n\t\t\t\t\t\t\t\t\t\t\t\t\t\t\t\t\t<\/div><!-- \/.slider-item__content -->\n\t\t\t\t\t\t\t<\/div><!-- \/.general-container -->\n\t\t\t\t\t\t<\/div><!-- \/.text wrapper -->\n\n\t\t\t\t\t<\/div><!-- \/.slider-item__inner -->\n\t\t\t\t<\/div><!-- \/.slider-item -->\n\t\t\t\t\t<\/div>\n\t<\/section>\n\n\n<section class=\"estravel-text estravel-text-15782 align wp-block-acf-estravel-text\" id=\"estravel-text\">\n\t<div class=\"\">\n\t\t<div class=\"estravel-text__title estravel-wysiwyg-editor  tw-trim-edges\">\n\t\t\t<p style=\"text-align: justify;\"><span style=\"font-weight: 400;\">Kiekvien\u0105 dien\u0105 investuojame savo laik\u0105, \u017einias \u012f tai, kad j\u016bs\u0173 kelion\u0117s b\u016bt\u0173 kuo s\u0117kmingesn\u0117s ir \u012fdomesn\u0117s. 2023 m. buvome pripa\u017einti kaip <\/span><a href=\"https:\/\/www.estravel.lt\/kelioniu-patarimai\/turizmo-sekmingiausieji-2023\/\"><span style=\"font-weight: 400;\">s\u0117kmingiausias kelioni\u0173 organizatorius Lietuvoje<\/span><\/a><span style=\"font-weight: 400;\">, o 2025 m. esame paskelbti kaip laim\u0117tojas <\/span><a href=\"https:\/\/www.estravel.lt\/kelioniu-patarimai\/estravel-laimejo-kuriame-zaliausia-miesta-konkurse-zaliojisostine-2025\/\"><i><span style=\"font-weight: 400;\">Kuriame \u017daliausi\u0105 miest\u0105<\/span><\/i><\/a><span style=\"font-weight: 400;\"> konkurse, kelioni\u0173 organizatoriaus kategorijoje.<\/span><\/p>\n<h2 style=\"text-align: justify;\"><b>Estravel darbo laikas<\/b><\/h2>\n<p style=\"text-align: justify;\"><span style=\"font-weight: 400;\">I -V | 08.00-18.00<\/span><span style=\"font-weight: 400;\"><br \/>\n<\/span><span style=\"font-weight: 400;\">VI-VII | Tik 24\/7 pagalba tik Estravel keliautojams*<\/span><\/p>\n<p style=\"text-align: justify;\"><b><i>*<\/i><\/b><b>Pagalba telefonu <\/b><a href=\"https:\/\/estravel.juodaskodas.lt\/24-7-pagalba-keliautojams\/\"><b>24\/7<\/b><\/a><b> tik Estravel keliautojams<\/b><\/p>\n<p style=\"text-align: justify;\"><b> <\/b><span style=\"font-weight: 400;\">Telefono numeris nurodytas ant j\u016bs\u0173 kelion\u0117s dokumento (elektroninio l\u0117ktuvo bilieto, vie\u0161bu\u010dio patvirtinimo dokumento ir pan.). 24\/7 pagalba Estravel keliautojams veikia po darbo valand\u0173, savaitgaliais bei poilsio ir \u0161ven\u010di\u0173 dienomis.  <\/span><\/p>\n<h2 style=\"text-align: justify;\"><strong>Biuro adresas Vilniuje<\/strong><\/h2>\n<p style=\"text-align: justify;\"><iframe loading=\"lazy\" style=\"border: 0;\" src=\"https:\/\/www.google.com\/maps\/embed?pb=!1m18!1m12!1m3!1d2607.326732635721!2d25.264130585109164!3d54.69760740131627!2m3!1f0!2f0!3f0!3m2!1i1024!2i768!4f13.1!3m3!1m2!1s0x46dd94035fc14561%3A0x8a36a549e630483c!2sEstravel%20Vilnius%20American%20Express!5e1!3m2!1sen!2slt!4v1761125348957!5m2!1sen!2slt\" width=\"600\" height=\"450\" allowfullscreen=\"allowfullscreen\"><\/iframe><\/p>\n<h2 style=\"text-align: justify;\"><strong>Norintiems susisiekti telefonu ir\/ar el. pa\u0161tu <\/strong><\/h2>\n<ul style=\"text-align: justify;\">\n<li><strong>Laisvalaikio<\/strong> (poilsini\u0173 ir pa\u017eintini\u0173) kelioni\u0173 komanda: +370 5 212 5805 arba <a href=\"mailto:keliones@estravel.lt\">keliones[@]estravel.lt<\/a><\/li>\n<li><strong>Verslo<\/strong> kelioni\u0173 komanda: +370 5 212 5807 arba <a href=\"mailto:corporate@estravel.lt\">corporate[@]estravel.lt<\/a><\/li>\n<li><strong>Kelioni\u0173 Lietuvoje<\/strong> ir Baltijos \u0161alyse komanda: +370 5 212 5803 arba <a href=\"mailto:incoming@estravel.lt\">incoming[@]estravel.lt<\/a><\/li>\n<li><strong>Rengini\u0173 Lietuvoje<\/strong> ir Baltijos \u0161alyse komanda +370 5 212 5803 arba <a href=\"mailto:renginiai@estravel.lt\">renginiai[@]estravel.lt<\/a><\/li>\n<li><strong>Vie\u0161\u0173j\u0173 pirkim\u0173<\/strong> komanda: +370 5 264 9081 arba <a href=\"mailto:pirkimai@estravel.lt\">pirkimai[@]estravel.lt<\/a><\/li>\n<li><strong>Motyvacini\u0173 kelioni\u0173<\/strong> kelioni\u0173 komanda: +370 5 243 1658 arba <a href=\"mailto:grupes@estravel.lt\" target=\"_blank\" rel=\"noopener\">grupes[@]estravel.lt<\/a><\/li>\n<li><strong>Kelt\u0173<\/strong> biliet\u0173 rezervacijos +370 5 212 58 09 arba <a href=\"mailto:keltai@estravel.lt\">keltai[@]estravel.lt<\/a><\/li>\n<li><strong>Administracija<\/strong>: +370 5 255 3319 arba <a href=\"mailto:administracija@estravel.lt\">administracija[@]estravel.lt<\/a><\/li>\n<li><strong>Buhalterija<\/strong>: +370 5 212 5804 arba <a href=\"mailto:accounting@estravel.lt\">accounting[@]estravel.lt<\/a><\/li>\n<li><strong>Rinkodara ir reklama<\/strong>: +370 5 243 1647 arba <a href=\"mailto:marketingas@estravel.lt\">marketingas[@]estravel.lt<\/a><\/li>\n<\/ul>\n<p style=\"text-align: justify;\">\n\t\t<\/div>\n\t<\/div>\n<\/section>\n\n\n\n\n\n\n\r\n    <div class=\"estravel-buttons estravel-buttons-15782 align wp-block-acf-estravel-buttons\" id=\"estravel-buttons\">\r\n        <div class=\"general-container\">\r\n            <div class=\"estravel-buttons__list\">\r\n                                                            <a class=\"button\"\r\n                           href=\"https:\/\/estravelgroup.com\/\"\r\n                           target=\"_blank\">\r\n                            Apie Estravel grup\u0119                        <\/a>\r\n                                                <\/div>\r\n        <\/div>\r\n    <\/div>\r\n\r\n<section\r\n    style=\"background-color:#ECF3FB;\" class=\"estravel-accordion estravel-accordion-15782 is-full-width-content align wp-block-acf-estravel-accordion\" id=\"estravel-accordion\">\r\n    <div class=\"general-container\">\r\n                    <h3 class=\"estravel-accordion__title !tw-mt-0\">\r\n                Rekvizitai ir kita informacija            <\/h3>\r\n        \r\n        \r\n                    <div class=\"estravel-accordion-items\">\r\n                \n        <div class=\"estravel-accordion-item\">\n                    <button type=\"button\"\n                    class=\"estravel-accordion-item__title active\">\n                 Estravel Vilnius rekvizitai                <img loading=\"lazy\" decoding=\"async\"\n                    src=\"https:\/\/prd.estravel.lt\/wp-content\/themes\/estravel\/images\/chevron-accordion.svg\"\n                    width=\"22\"\n                    height=\"12\"\n                    alt=\"chevron\"\n                >\n            <\/button>\n        \n                    <div class=\"estravel-accordion-item__content\">\n                                    <div class=\"estravel-accordion-item__text estravel-wysiwyg-editor tw-trim-edges\">\n                        <ul>\n<li><span style=\"font-weight: 400;\">Estravel Vilnius, UAB<\/span><\/li>\n<li><span style=\"font-weight: 400;\">Konstitucijos pr. 26, LT-08105, Vilnius, Lietuva <\/span><\/li>\n<li><span style=\"font-weight: 400;\">\u012em. kodas 110781452 <\/span><\/li>\n<li><span style=\"font-weight: 400;\">PVM mok. kodas LT107814515 <\/span><\/li>\n<\/ul>\n<p>Daugiau informacijos &#8211; <a href=\"https:\/\/rekvizitai.vz.lt\/imone\/estravel_vilnius_american_express_travel_services\/\" target=\"_blank\" rel=\"noopener\">spauskite \u010dia<\/a>.<\/p>\n                    <\/div>\n                \n                \n            <\/div>\n            <\/div>\n        <div class=\"estravel-accordion-item\">\n                    <button type=\"button\"\n                    class=\"estravel-accordion-item__title \">\n                Estravel Vilnius banko rekvizitai                <img loading=\"lazy\" decoding=\"async\"\n                    src=\"https:\/\/prd.estravel.lt\/wp-content\/themes\/estravel\/images\/chevron-accordion.svg\"\n                    width=\"22\"\n                    height=\"12\"\n                    alt=\"chevron\"\n                >\n            <\/button>\n        \n                    <div class=\"estravel-accordion-item__content\" style=\"display:none;\">\n                                    <div class=\"estravel-accordion-item__text estravel-wysiwyg-editor tw-trim-edges\">\n                        <p><b>AB \u201eSwedbank\u201c<\/b><\/p>\n<ul>\n<li><span style=\"font-weight: 400;\">Konstitucijos pr.20A, Vilnius, Lietuva<\/span><\/li>\n<li><span style=\"font-weight: 400;\">SWIFT HABALT22<\/span><\/li>\n<li><span style=\"font-weight: 400;\">IBAN LT97 7300 0100 0032 2387<\/span><\/li>\n<\/ul>\n<p><b>AB \u201eSEB bankas\u201c<\/b><\/p>\n<ul>\n<li><span style=\"font-weight: 400;\">Gedimino pr. 12, Vilnius, Lietuva <\/span><\/li>\n<li><span style=\"font-weight: 400;\">SWIFT CBVILT2X<\/span><\/li>\n<li><span style=\"font-weight: 400;\">IBAN LT66 7044 0600 0119 7733<\/span><\/li>\n<\/ul>\n                    <\/div>\n                \n                \n            <\/div>\n            <\/div>\n        <div class=\"estravel-accordion-item\">\n                    <button type=\"button\"\n                    class=\"estravel-accordion-item__title \">\n                Kelioni\u0173 organizatoriaus pa\u017eym\u0117jimas                <img loading=\"lazy\" decoding=\"async\"\n                    src=\"https:\/\/prd.estravel.lt\/wp-content\/themes\/estravel\/images\/chevron-accordion.svg\"\n                    width=\"22\"\n                    height=\"12\"\n                    alt=\"chevron\"\n                >\n            <\/button>\n        \n                    <div class=\"estravel-accordion-item__content\" style=\"display:none;\">\n                                    <div class=\"estravel-accordion-item__text estravel-wysiwyg-editor tw-trim-edges\">\n                        <p><span style=\"font-weight: 400;\">Valstybinio turizmo departamento prie \u016akio reikal\u0173 ministerijos i\u0161duoto kelioni\u0173 organizatoriaus <strong>pa\u017eym\u0117jimo Nr. 010312<\/strong>. <\/span><\/p>\n<p><span style=\"font-weight: 400;\">Daugiau informacijos &#8211; oficialioje <\/span><a href=\"https:\/\/vvtat.lrv.lt\/lt\/veiklos-sritys-54\/vartojimo-paslaugos-78\/turizmo-paslaugos-125\/turizmo-paslaugu-teikejai-128\/\"><span style=\"font-weight: 400;\">Valstybin\u0117s vartotoj\u0173 teisi\u0173 apsaugos tarnybos<\/span><\/a><span style=\"font-weight: 400;\"> svetin\u0117je.<\/span><\/p>\n                    <\/div>\n                \n                \n            <\/div>\n            <\/div>\n        <div class=\"estravel-accordion-item\">\n                    <button type=\"button\"\n                    class=\"estravel-accordion-item__title \">\n                Estravel prievoli\u0173 \u012fvykdymo u\u017etikrinimas                <img loading=\"lazy\" decoding=\"async\"\n                    src=\"https:\/\/prd.estravel.lt\/wp-content\/themes\/estravel\/images\/chevron-accordion.svg\"\n                    width=\"22\"\n                    height=\"12\"\n                    alt=\"chevron\"\n                >\n            <\/button>\n        \n                    <div class=\"estravel-accordion-item__content\" style=\"display:none;\">\n                                    <div class=\"estravel-accordion-item__text estravel-wysiwyg-editor tw-trim-edges\">\n                        <ul>\n<li><span style=\"font-weight: 400;\">Draudimo galiojimas: 2025.04.01- 2026.03.31 <\/span><span style=\"font-weight: 400;\">(atnaujinama kasmet).<\/span><\/li>\n<li><span style=\"font-weight: 400;\">Draudimo liudijimo numeris GJELT 4424371.<\/span><\/li>\n<li><span style=\"font-weight: 400;\">Prievoli\u0173 \u012fvykdymo u\u017etikrinim\u0105 suteik\u0119s subjektas: <\/span><i><span style=\"font-weight: 400;\">ADB Gjensidige.<\/span><\/i><\/li>\n<\/ul>\n                    <\/div>\n                \n                \n            <\/div>\n            <\/div>\n            <\/div>\r\n            <\/div>\r\n<\/section>\r\n","protected":false},"excerpt":{"rendered":"","protected":false},"author":2,"featured_media":15680,"parent":0,"menu_order":0,"comment_status":"closed","ping_status":"closed","template":"","meta":{"_acf_changed":false,"footnotes":""},"class_list":["post-15782","page","type-page","status-publish","has-post-thumbnail","hentry"],"acf":[],"yoast_head":"<!-- This site is optimized with the Yoast SEO plugin v26.0 - https:\/\/yoast.com\/wordpress\/plugins\/seo\/ -->\n<title>Estravel kontaktai ir rekvizitai | Estravel Vilnius<\/title>\n<meta name=\"description\" content=\"Estravel kontaktai ir rekvizitai: biuro adresas, kontaktiniai telefonai, bankos s\u0105skaitos, licencijos ir draudimai.\" \/>\n<meta name=\"robots\" content=\"noindex, follow, max-snippet:-1, max-image-preview:large, max-video-preview:-1\" \/>\n<meta property=\"og:locale\" content=\"en_US\" \/>\n<meta property=\"og:type\" content=\"article\" \/>\n<meta property=\"og:title\" content=\"Estravel kontaktai ir rekvizitai | Estravel Vilnius\" \/>\n<meta property=\"og:description\" content=\"Estravel kontaktai ir rekvizitai: biuro adresas, kontaktiniai telefonai, bankos s\u0105skaitos, licencijos ir draudimai.\" \/>\n<meta property=\"og:url\" content=\"https:\/\/prd.estravel.lt\/en\/contacts\/\" \/>\n<meta property=\"og:site_name\" content=\"Estravel kelioni\u0173 agent\u016bra\" \/>\n<meta property=\"article:modified_time\" content=\"2026-01-27T12:00:47+00:00\" \/>\n<meta property=\"og:image\" content=\"https:\/\/prd.estravel.lt\/wp-content\/uploads\/2025\/11\/Partneriams.jpg\" \/>\n\t<meta property=\"og:image:width\" content=\"1061\" \/>\n\t<meta property=\"og:image:height\" content=\"473\" \/>\n\t<meta property=\"og:image:type\" content=\"image\/jpeg\" \/>\n<meta name=\"twitter:card\" content=\"summary_large_image\" \/>\n<script type=\"application\/ld+json\" class=\"yoast-schema-graph\">{\"@context\":\"https:\/\/schema.org\",\"@graph\":[{\"@type\":\"WebPage\",\"@id\":\"https:\/\/prd.estravel.lt\/en\/contacts\/\",\"url\":\"https:\/\/prd.estravel.lt\/en\/contacts\/\",\"name\":\"Estravel kontaktai ir rekvizitai | Estravel Vilnius\",\"isPartOf\":{\"@id\":\"https:\/\/prd.estravel.lt\/en\/#website\"},\"primaryImageOfPage\":{\"@id\":\"https:\/\/prd.estravel.lt\/en\/contacts\/#primaryimage\"},\"image\":{\"@id\":\"https:\/\/prd.estravel.lt\/en\/contacts\/#primaryimage\"},\"thumbnailUrl\":\"https:\/\/prd.estravel.lt\/wp-content\/uploads\/2025\/11\/Partneriams.jpg\",\"datePublished\":\"2025-11-17T18:22:05+00:00\",\"dateModified\":\"2026-01-27T12:00:47+00:00\",\"description\":\"Estravel kontaktai ir rekvizitai: biuro adresas, kontaktiniai telefonai, bankos s\u0105skaitos, licencijos ir draudimai.\",\"breadcrumb\":{\"@id\":\"https:\/\/prd.estravel.lt\/en\/contacts\/#breadcrumb\"},\"inLanguage\":\"en-US\",\"potentialAction\":[{\"@type\":\"ReadAction\",\"target\":[\"https:\/\/prd.estravel.lt\/en\/contacts\/\"]}]},{\"@type\":\"ImageObject\",\"inLanguage\":\"en-US\",\"@id\":\"https:\/\/prd.estravel.lt\/en\/contacts\/#primaryimage\",\"url\":\"https:\/\/prd.estravel.lt\/wp-content\/uploads\/2025\/11\/Partneriams.jpg\",\"contentUrl\":\"https:\/\/prd.estravel.lt\/wp-content\/uploads\/2025\/11\/Partneriams.jpg\",\"width\":1061,\"height\":473},{\"@type\":\"BreadcrumbList\",\"@id\":\"https:\/\/prd.estravel.lt\/en\/contacts\/#breadcrumb\",\"itemListElement\":[{\"@type\":\"ListItem\",\"position\":1,\"name\":\"Pagrindinis puslapis\",\"item\":\"https:\/\/prd.estravel.lt\/en\/\"},{\"@type\":\"ListItem\",\"position\":2,\"name\":\"Contacts\"}]},{\"@type\":\"WebSite\",\"@id\":\"https:\/\/prd.estravel.lt\/en\/#website\",\"url\":\"https:\/\/prd.estravel.lt\/en\/\",\"name\":\"Estravel kelioni\u0173 agent\u016bra\",\"description\":\"did\u017eiausia kelioni\u0173 agent\u016bra Baltijos \u0161alyse.\",\"publisher\":{\"@id\":\"https:\/\/prd.estravel.lt\/en\/#organization\"},\"potentialAction\":[{\"@type\":\"SearchAction\",\"target\":{\"@type\":\"EntryPoint\",\"urlTemplate\":\"https:\/\/prd.estravel.lt\/en\/?s={search_term_string}\"},\"query-input\":{\"@type\":\"PropertyValueSpecification\",\"valueRequired\":true,\"valueName\":\"search_term_string\"}}],\"inLanguage\":\"en-US\"},{\"@type\":\"Organization\",\"@id\":\"https:\/\/prd.estravel.lt\/en\/#organization\",\"name\":\"Estravel kelioni\u0173 agent\u016bra\",\"url\":\"https:\/\/prd.estravel.lt\/en\/\",\"logo\":{\"@type\":\"ImageObject\",\"inLanguage\":\"en-US\",\"@id\":\"https:\/\/prd.estravel.lt\/en\/#\/schema\/logo\/image\/\",\"url\":\"https:\/\/prd.estravel.lt\/wp-content\/uploads\/2025\/07\/Estravel-Logo.png\",\"contentUrl\":\"https:\/\/prd.estravel.lt\/wp-content\/uploads\/2025\/07\/Estravel-Logo.png\",\"width\":183,\"height\":54,\"caption\":\"Estravel kelioni\u0173 agent\u016bra\"},\"image\":{\"@id\":\"https:\/\/prd.estravel.lt\/en\/#\/schema\/logo\/image\/\"}}]}<\/script>\n<!-- \/ Yoast SEO plugin. -->","yoast_head_json":{"title":"Estravel kontaktai ir rekvizitai | Estravel Vilnius","description":"Estravel kontaktai ir rekvizitai: biuro adresas, kontaktiniai telefonai, bankos s\u0105skaitos, licencijos ir draudimai.","robots":{"index":"noindex","follow":"follow","max-snippet":"max-snippet:-1","max-image-preview":"max-image-preview:large","max-video-preview":"max-video-preview:-1"},"og_locale":"en_US","og_type":"article","og_title":"Estravel kontaktai ir rekvizitai | Estravel Vilnius","og_description":"Estravel kontaktai ir rekvizitai: biuro adresas, kontaktiniai telefonai, bankos s\u0105skaitos, licencijos ir draudimai.","og_url":"https:\/\/prd.estravel.lt\/en\/contacts\/","og_site_name":"Estravel kelioni\u0173 agent\u016bra","article_modified_time":"2026-01-27T12:00:47+00:00","og_image":[{"width":1061,"height":473,"url":"https:\/\/prd.estravel.lt\/wp-content\/uploads\/2025\/11\/Partneriams.jpg","type":"image\/jpeg"}],"twitter_card":"summary_large_image","schema":{"@context":"https:\/\/schema.org","@graph":[{"@type":"WebPage","@id":"https:\/\/prd.estravel.lt\/en\/contacts\/","url":"https:\/\/prd.estravel.lt\/en\/contacts\/","name":"Estravel kontaktai ir rekvizitai | Estravel Vilnius","isPartOf":{"@id":"https:\/\/prd.estravel.lt\/en\/#website"},"primaryImageOfPage":{"@id":"https:\/\/prd.estravel.lt\/en\/contacts\/#primaryimage"},"image":{"@id":"https:\/\/prd.estravel.lt\/en\/contacts\/#primaryimage"},"thumbnailUrl":"https:\/\/prd.estravel.lt\/wp-content\/uploads\/2025\/11\/Partneriams.jpg","datePublished":"2025-11-17T18:22:05+00:00","dateModified":"2026-01-27T12:00:47+00:00","description":"Estravel kontaktai ir rekvizitai: biuro adresas, kontaktiniai telefonai, bankos s\u0105skaitos, licencijos ir draudimai.","breadcrumb":{"@id":"https:\/\/prd.estravel.lt\/en\/contacts\/#breadcrumb"},"inLanguage":"en-US","potentialAction":[{"@type":"ReadAction","target":["https:\/\/prd.estravel.lt\/en\/contacts\/"]}]},{"@type":"ImageObject","inLanguage":"en-US","@id":"https:\/\/prd.estravel.lt\/en\/contacts\/#primaryimage","url":"https:\/\/prd.estravel.lt\/wp-content\/uploads\/2025\/11\/Partneriams.jpg","contentUrl":"https:\/\/prd.estravel.lt\/wp-content\/uploads\/2025\/11\/Partneriams.jpg","width":1061,"height":473},{"@type":"BreadcrumbList","@id":"https:\/\/prd.estravel.lt\/en\/contacts\/#breadcrumb","itemListElement":[{"@type":"ListItem","position":1,"name":"Pagrindinis puslapis","item":"https:\/\/prd.estravel.lt\/en\/"},{"@type":"ListItem","position":2,"name":"Contacts"}]},{"@type":"WebSite","@id":"https:\/\/prd.estravel.lt\/en\/#website","url":"https:\/\/prd.estravel.lt\/en\/","name":"Estravel kelioni\u0173 agent\u016bra","description":"did\u017eiausia kelioni\u0173 agent\u016bra Baltijos \u0161alyse.","publisher":{"@id":"https:\/\/prd.estravel.lt\/en\/#organization"},"potentialAction":[{"@type":"SearchAction","target":{"@type":"EntryPoint","urlTemplate":"https:\/\/prd.estravel.lt\/en\/?s={search_term_string}"},"query-input":{"@type":"PropertyValueSpecification","valueRequired":true,"valueName":"search_term_string"}}],"inLanguage":"en-US"},{"@type":"Organization","@id":"https:\/\/prd.estravel.lt\/en\/#organization","name":"Estravel kelioni\u0173 agent\u016bra","url":"https:\/\/prd.estravel.lt\/en\/","logo":{"@type":"ImageObject","inLanguage":"en-US","@id":"https:\/\/prd.estravel.lt\/en\/#\/schema\/logo\/image\/","url":"https:\/\/prd.estravel.lt\/wp-content\/uploads\/2025\/07\/Estravel-Logo.png","contentUrl":"https:\/\/prd.estravel.lt\/wp-content\/uploads\/2025\/07\/Estravel-Logo.png","width":183,"height":54,"caption":"Estravel kelioni\u0173 agent\u016bra"},"image":{"@id":"https:\/\/prd.estravel.lt\/en\/#\/schema\/logo\/image\/"}}]}},"_links":{"self":[{"href":"https:\/\/prd.estravel.lt\/en\/wp-json\/wp\/v2\/pages\/15782","targetHints":{"allow":["GET"]}}],"collection":[{"href":"https:\/\/prd.estravel.lt\/en\/wp-json\/wp\/v2\/pages"}],"about":[{"href":"https:\/\/prd.estravel.lt\/en\/wp-json\/wp\/v2\/types\/page"}],"author":[{"embeddable":true,"href":"https:\/\/prd.estravel.lt\/en\/wp-json\/wp\/v2\/users\/2"}],"replies":[{"embeddable":true,"href":"https:\/\/prd.estravel.lt\/en\/wp-json\/wp\/v2\/comments?post=15782"}],"version-history":[{"count":1,"href":"https:\/\/prd.estravel.lt\/en\/wp-json\/wp\/v2\/pages\/15782\/revisions"}],"predecessor-version":[{"id":15783,"href":"https:\/\/prd.estravel.lt\/en\/wp-json\/wp\/v2\/pages\/15782\/revisions\/15783"}],"wp:featuredmedia":[{"embeddable":true,"href":"https:\/\/prd.estravel.lt\/en\/wp-json\/wp\/v2\/media\/15680"}],"wp:attachment":[{"href":"https:\/\/prd.estravel.lt\/en\/wp-json\/wp\/v2\/media?parent=15782"}],"curies":[{"name":"wp","href":"https:\/\/api.w.org\/{rel}","templated":true}]}}